{"id":9734,"date":"2016-06-18T21:31:23","date_gmt":"2016-06-18T19:31:23","guid":{"rendered":"http:\/\/project.dreamo.ee\/promostar\/fi\/?page_id=9734"},"modified":"2016-06-18T21:31:23","modified_gmt":"2016-06-18T19:31:23","slug":"abribus-julisteet","status":"publish","type":"page","link":"https:\/\/reklaamitootja.ee\/fi\/abribus-julisteet\/","title":{"rendered":"Abribus-julisteet"},"content":{"rendered":"  <div class=\"product shortcode_element\">\n  <h1 class=\"product-title\">Abribus-julisteet<\/h1>\n\n          <div class=\"product-images\">\n      <a class=\"large-thumb\" rel=\"gallery-9512\" href=\"https:\/\/reklaamitootja.ee\/wp-content\/uploads\/2016\/02\/2438_MK_etapp_Otepaal_-_reklaam_bussipeatuses.jpg\"><img decoding=\"async\" src=\"https:\/\/reklaamitootja.ee\/wp-content\/uploads\/2016\/02\/2438_MK_etapp_Otepaal_-_reklaam_bussipeatuses.jpg\" alt=\"\" title=\"2438_MK_etapp_Otepaal_-_reklaam_bussipeatuses\" \/><\/a>\n      <div class=\"small-picts\">\n      \t        <\/div>\n    <\/div>\n    \n  <div class=\"product-content\"><p>Abribus-julisteet ovat parhaat saavuttaman asiakkaita! Ulkomainonta on tehokas mainosv\u00e4line. Mainostamisen kannalta edullisinta on julisteet ja bussipys\u00e4kit on todettu parhaiksi mainospaikoiksi &#8211; niihin tarvittavat julisteet saat meid\u00e4n kauttamme kilpailukykyiseen hintaan. Sinun yrityksen tuotteen tieto saavuttaa ihmisij\u00e4 useita kertoja p\u00e4iv\u00e4ss\u00e4 ja kiinnit\u00e4t aktiiviisen kuluttajan huomion.<\/p>\n<p>T\u00e4m\u00e4n mainosv\u00e4lineen sopiva koko on ca 2 m2.<\/p>\n<p>Kysy tarjousta nyt!<\/p>\n<\/div>\n  \n        <br>\n\t  <div class=\"product_detailed_info\">\n      <h2>Detailne info<\/h2>\n      <div>Julistekoko: 1182x1735 mm<\/div><div>Suunnittelukoko: 2364x3470 mm<\/div><div>Hy\u00f6dyt: edullinen ja tehokas<\/div><\/div>  \n  \n    <div class=\"alternate_products\">\n    <h2>Alternatiivne toode<\/h2>\n          <div class=\"alternate-product\">\n\t\t  <a href=\"https:\/\/reklaamitootja.ee\/fi\/product\/autotarrat\/\"><img decoding=\"async\" src=\"https:\/\/reklaamitootja.ee\/wp-content\/uploads\/2016\/02\/21_autokleebised_4344x2661-1-150x150.jpg\" alt=\"\" title=\"21_autokleebised_4344x2661\" \/><\/a>\n\t  \t<a href=\"https:\/\/reklaamitootja.ee\/fi\/product\/autotarrat\/\">Autotarrat<\/a>\n      <\/div>\n            <div class=\"alternate-product\">\n\t\t  <a href=\"https:\/\/reklaamitootja.ee\/fi\/product\/julkisivukyltit\/\"><img decoding=\"async\" src=\"https:\/\/reklaamitootja.ee\/wp-content\/uploads\/2016\/02\/julkisivukyltit-150x150.jpg\" alt=\"\" title=\"julkisivukyltit\" \/><\/a>\n\t  \t<a href=\"https:\/\/reklaamitootja.ee\/fi\/product\/julkisivukyltit\/\">Julkisivukyltit<\/a>\n      <\/div>\n            <div class=\"alternate-product\">\n\t\t  <a href=\"https:\/\/reklaamitootja.ee\/fi\/product\/lattiatarrat\/\"><img decoding=\"async\" src=\"https:\/\/reklaamitootja.ee\/wp-content\/uploads\/2016\/02\/lattiatarrat-150x150.jpg\" alt=\"\" title=\"lattiatarrat\" \/><\/a>\n\t  \t<a href=\"https:\/\/reklaamitootja.ee\/fi\/product\/lattiatarrat\/\">Lattiatarrat<\/a>\n      <\/div>\n            <div class=\"alternate-product\">\n\t\t  <a href=\"https:\/\/reklaamitootja.ee\/fi\/product\/mainos-ja-logomatot\/\"><img decoding=\"async\" src=\"https:\/\/reklaamitootja.ee\/wp-content\/uploads\/2016\/02\/logomatto-150x150.jpg\" alt=\"\" title=\"logomatto\" \/><\/a>\n\t  \t<a href=\"https:\/\/reklaamitootja.ee\/fi\/product\/mainos-ja-logomatot\/\">Mainos- ja logomatot<\/a>\n      <\/div>\n            <div class=\"alternate-product\">\n\t\t  <a href=\"https:\/\/reklaamitootja.ee\/fi\/product\/mainosbanneri\/\"><img decoding=\"async\" src=\"\" alt=\"\" title=\"products\" \/><\/a>\n\t  \t<a href=\"https:\/\/reklaamitootja.ee\/fi\/product\/mainosbanneri\/\">Mainosbanneri<\/a>\n      <\/div>\n      <\/div>  <div style=\"clear: both;\"><\/div>\n  <button type=\"button\" class=\"btn btn-primary ask_for_offer\" data-toggle=\"modal\" data-target=\".bs-example-modal-sm\">K\u00fcsi pakkumist<\/button>\n<\/div>\n\n  \n\n","protected":false},"excerpt":{"rendered":"","protected":false},"author":3,"featured_media":0,"parent":9565,"menu_order":430,"comment_status":"closed","ping_status":"closed","template":"toode.php","meta":{"_monsterinsights_skip_tracking":false,"_monsterinsights_sitenote_active":false,"_monsterinsights_sitenote_note":"","_monsterinsights_sitenote_category":0,"footnotes":""},"yst_prominent_words":[],"class_list":["post-9734","page","type-page","status-publish","hentry"],"_links":{"self":[{"href":"https:\/\/reklaamitootja.ee\/fi\/wp-json\/wp\/v2\/pages\/9734","targetHints":{"allow":["GET"]}}],"collection":[{"href":"https:\/\/reklaamitootja.ee\/fi\/wp-json\/wp\/v2\/pages"}],"about":[{"href":"https:\/\/reklaamitootja.ee\/fi\/wp-json\/wp\/v2\/types\/page"}],"author":[{"embeddable":true,"href":"https:\/\/reklaamitootja.ee\/fi\/wp-json\/wp\/v2\/users\/3"}],"replies":[{"embeddable":true,"href":"https:\/\/reklaamitootja.ee\/fi\/wp-json\/wp\/v2\/comments?post=9734"}],"version-history":[{"count":0,"href":"https:\/\/reklaamitootja.ee\/fi\/wp-json\/wp\/v2\/pages\/9734\/revisions"}],"up":[{"embeddable":true,"href":"https:\/\/reklaamitootja.ee\/fi\/wp-json\/wp\/v2\/pages\/9565"}],"wp:attachment":[{"href":"https:\/\/reklaamitootja.ee\/fi\/wp-json\/wp\/v2\/media?parent=9734"}],"wp:term":[{"taxonomy":"yst_prominent_words","embeddable":true,"href":"https:\/\/reklaamitootja.ee\/fi\/wp-json\/wp\/v2\/yst_prominent_words?post=9734"}],"curies":[{"name":"wp","href":"https:\/\/api.w.org\/{rel}","templated":true}]}}