{"id":9633,"date":"2016-02-17T12:33:01","date_gmt":"2016-02-17T10:33:01","guid":{"rendered":"http:\/\/project.dreamo.ee\/promostar\/fi\/tooted\/liput\/mainoslippu\/"},"modified":"2016-02-17T12:33:01","modified_gmt":"2016-02-17T10:33:01","slug":"mainoslippu","status":"publish","type":"page","link":"https:\/\/reklaamitootja.ee\/fi\/mainoslippu\/","title":{"rendered":"Mainoslippu"},"content":{"rendered":"  <div class=\"product shortcode_element\">\n  <h1 class=\"product-title\">Salkoliput<\/h1>\n\n          <div class=\"product-images\">\n      <a class=\"large-thumb\" rel=\"gallery-14246\" href=\"https:\/\/reklaamitootja.ee\/wp-content\/uploads\/2017\/07\/84_salkolippu_landrover.jpg\"><img decoding=\"async\" src=\"https:\/\/reklaamitootja.ee\/wp-content\/uploads\/2017\/07\/84_salkolippu_landrover-227x300.jpg\" alt=\"\" title=\"84_salkolippu_landrover\" \/><\/a>\n      <div class=\"small-picts\">\n      \t  \t  \t    <a class=\"small-thumb\" rel=\"gallery-14246\" href=\"https:\/\/reklaamitootja.ee\/wp-content\/uploads\/2017\/07\/84_lipun_kinnitys.jpg\"><img decoding=\"async\" src=\"https:\/\/reklaamitootja.ee\/wp-content\/uploads\/2017\/07\/84_lipun_kinnitys-150x150.jpg\" alt=\"\" title=\"84_lipun_kinnitys\" \/><\/a>\n\n\t  \t  \t  \t    <a class=\"small-thumb\" rel=\"gallery-14246\" href=\"https:\/\/reklaamitootja.ee\/wp-content\/uploads\/2017\/07\/84_yritystili_mastilippu.jpg\"><img decoding=\"async\" src=\"https:\/\/reklaamitootja.ee\/wp-content\/uploads\/2017\/07\/84_yritystili_mastilippu-150x150.jpg\" alt=\"\" title=\"84_yritystili_mastilippu\" \/><\/a>\n\n\t  \t  \t  \t    <a class=\"small-thumb\" rel=\"gallery-14246\" href=\"https:\/\/reklaamitootja.ee\/wp-content\/uploads\/2017\/07\/84_tankolippu.jpg\"><img decoding=\"async\" src=\"https:\/\/reklaamitootja.ee\/wp-content\/uploads\/2017\/07\/84_tankolippu-150x150.jpg\" alt=\"\" title=\"84_tankolippu\" \/><\/a>\n\n\t  \t        <\/div>\n    <\/div>\n    \n  <div class=\"product-content\"><p>Valmistamme erilaisia tankoon kiinnitett\u00e4vi\u00e4 lippuja asiakkaan toivomusten mukaan. Saatavana on my\u00f6s vakiomittaisia lippuja erikorkuisiin tankoihin:<\/p>\n<p>6 m tanko, lipun mitat 105 x 165 cm<\/p>\n<p>7 m tanko, lipun mitat 115 x 180 cm<\/p>\n<p>8 m tanko, lipun mitat 135 x 212 cm<\/p>\n<p>9 m tanko, lipun mitat 150 x 236 cm<\/p>\n<p>10 m tanko, lipun mitat 165 x 259 cm<\/p>\n<p>11 m tanko, lipun mitat 183 x 288 cm<\/p>\n<p>12 m tanko, lipun mitat 200 x 314 cm<\/p>\n<p>14 m tanko, lipun mitat 250 x 393 cm<\/p>\n<p>Kuvat on painettu lippuihin digitaalisesti, toimitus sis\u00e4lt\u00e4\u00e4 tarvittavat kiinnitykset.<\/p>\n<p>Meilt\u00e4 saa my\u00f6s erikoismittaiset salkoliput!<\/p>\n<p><img loading=\"lazy\" decoding=\"async\" class=\"alignnone size-full wp-image-14412\" src=\"http:\/\/reklaamitootja.ee\/wp-content\/uploads\/2017\/07\/84_f2nilipp.jpg\" alt=\"\" width=\"119\" height=\"120\" \/><\/p>\n<\/div>\n  \n        <br>\n\t  <div class=\"product_detailed_info\">\n      <h2>Detailne info<\/h2>\n      <div>Hy\u00f6dyt: tilattavissa useissa eri mitoissa ; hintaan sis\u00e4ltyy my\u00f6s tarvittavat kiinnitykset<\/div><\/div>  \n  \n    <div class=\"alternate_products\">\n    <h2>Alternatiivne toode<\/h2>\n          <div class=\"alternate-product\">\n\t\t  <a href=\"https:\/\/reklaamitootja.ee\/fi\/product\/mainosliput\/\"><img decoding=\"async\" src=\"https:\/\/reklaamitootja.ee\/wp-content\/uploads\/2016\/02\/Rantalippu-150x150.jpg\" alt=\"\" title=\"Rantalippu\" \/><\/a>\n\t  \t<a href=\"https:\/\/reklaamitootja.ee\/fi\/product\/mainosliput\/\">Mainosliput<\/a>\n      <\/div>\n            <div class=\"alternate-product\">\n\t\t  <a href=\"https:\/\/reklaamitootja.ee\/fi\/product\/selkaliput\/\"><img decoding=\"async\" src=\"https:\/\/reklaamitootja.ee\/wp-content\/uploads\/2016\/02\/Selk\u00e4liput-150x150.jpg\" alt=\"\" title=\"Selk\u00e4liput\" \/><\/a>\n\t  \t<a href=\"https:\/\/reklaamitootja.ee\/fi\/product\/selkaliput\/\">Selk\u00e4liput<\/a>\n      <\/div>\n            <div class=\"alternate-product\">\n\t\t  <a href=\"https:\/\/reklaamitootja.ee\/fi\/product\/tankoliput\/\"><img decoding=\"async\" src=\"https:\/\/reklaamitootja.ee\/wp-content\/uploads\/2016\/02\/Tankolippu-150x150.jpg\" alt=\"\" title=\"Tankolippu\" \/><\/a>\n\t  \t<a href=\"https:\/\/reklaamitootja.ee\/fi\/product\/tankoliput\/\">Tankoliput<\/a>\n      <\/div>\n            <div class=\"alternate-product\">\n\t\t  <a href=\"https:\/\/reklaamitootja.ee\/fi\/product\/mainostuotteet\/\"><img decoding=\"async\" src=\"https:\/\/reklaamitootja.ee\/wp-content\/uploads\/2016\/02\/Esitteet-150x150.jpg\" alt=\"\" title=\"Esitteet\" \/><\/a>\n\t  \t<a href=\"https:\/\/reklaamitootja.ee\/fi\/product\/mainostuotteet\/\">Mainostuotteet<\/a>\n      <\/div>\n            <div class=\"alternate-product\">\n\t\t  <a href=\"https:\/\/reklaamitootja.ee\/fi\/product\/lipputanko\/\"><img decoding=\"async\" src=\"https:\/\/reklaamitootja.ee\/wp-content\/uploads\/2016\/02\/blokklipp-1731x3380-150x150.jpg\" alt=\"\" title=\"Blokklipp 1731x3380\" \/><\/a>\n\t  \t<a href=\"https:\/\/reklaamitootja.ee\/fi\/product\/lipputanko\/\">Lipputanko<\/a>\n      <\/div>\n      <\/div>  <div style=\"clear: both;\"><\/div>\n  <button type=\"button\" class=\"btn btn-primary ask_for_offer\" data-toggle=\"modal\" data-target=\".bs-example-modal-sm\">K\u00fcsi pakkumist<\/button>\n<\/div>\n\n    <div class=\"product shortcode_element\">\n  <h1 class=\"product-title\">Selk\u00e4liput<\/h1>\n\n          <div class=\"product-images\">\n      <a class=\"large-thumb\" rel=\"gallery-9532\" href=\"https:\/\/reklaamitootja.ee\/wp-content\/uploads\/2016\/02\/Selk\u00e4liput.jpg\"><img decoding=\"async\" src=\"https:\/\/reklaamitootja.ee\/wp-content\/uploads\/2016\/02\/Selk\u00e4liput.jpg\" alt=\"\" title=\"Selk\u00e4liput\" \/><\/a>\n      <div class=\"small-picts\">\n      \t  \t  \t    <a class=\"small-thumb\" rel=\"gallery-9532\" href=\"https:\/\/reklaamitootja.ee\/wp-content\/uploads\/2016\/02\/119_selkalippu.jpg\"><img decoding=\"async\" src=\"https:\/\/reklaamitootja.ee\/wp-content\/uploads\/2016\/02\/119_selkalippu-150x150.jpg\" alt=\"\" title=\"119_selkalippu\" \/><\/a>\n\n\t  \t  \t  \t    <a class=\"small-thumb\" rel=\"gallery-9532\" href=\"https:\/\/reklaamitootja.ee\/wp-content\/uploads\/2016\/02\/119_selkalippu001.jpg\"><img decoding=\"async\" src=\"https:\/\/reklaamitootja.ee\/wp-content\/uploads\/2016\/02\/119_selkalippu001-150x150.jpg\" alt=\"\" title=\"119_selkalippu001\" \/><\/a>\n\n\t  \t        <\/div>\n    <\/div>\n    \n  <div class=\"product-content\"><p>Selk\u00e4liput ovat hyvin n\u00e4ytt\u00e4v\u00e4 ja mukava ratkaisu monenlaisiin tapahtumiin. Soveltuu mainiosti esimerkiksi n\u00e4ytejakeluun, jossa lippu toimii mainoksena ja n\u00e4kyy kauas. Tuoten\u00e4ytteit\u00e4, esitteit\u00e4 ym. voi pit\u00e4\u00e4 samassa repussa. Selk\u00e4vahvisteella ja pehmusteella varustettu reppu jakaa kuorman tasaisesti eik\u00e4 v\u00e4syt\u00e4 selk\u00e4\u00e4.<\/p>\n<p>Lipun vakiomitat 62 x 106 cm<\/p>\n<p><strong>Huomio! Mainosverovapaa.<\/strong><\/p>\n<\/div>\n  \n        <br>\n\t  <div class=\"product_detailed_info\">\n      <h2>Detailne info<\/h2>\n      <div>Hy\u00f6dyt: n\u00e4kyv\u00e4\u00e4 ja mukava ratkaisu ; mukavaa pehmustella reppu <\/div><\/div>  \n  \n    <div class=\"alternate_products\">\n    <h2>Alternatiivne toode<\/h2>\n          <div class=\"alternate-product\">\n\t\t  <a href=\"https:\/\/reklaamitootja.ee\/fi\/product\/tankoliput\/\"><img decoding=\"async\" src=\"https:\/\/reklaamitootja.ee\/wp-content\/uploads\/2016\/02\/Tankolippu-150x150.jpg\" alt=\"\" title=\"Tankolippu\" \/><\/a>\n\t  \t<a href=\"https:\/\/reklaamitootja.ee\/fi\/product\/tankoliput\/\">Tankoliput<\/a>\n      <\/div>\n            <div class=\"alternate-product\">\n\t\t  <a href=\"https:\/\/reklaamitootja.ee\/fi\/product\/salkoliput\/\"><img decoding=\"async\" src=\"https:\/\/reklaamitootja.ee\/wp-content\/uploads\/2017\/07\/84_salkolippu_landrover-150x150.jpg\" alt=\"\" title=\"84_salkolippu_landrover\" \/><\/a>\n\t  \t<a href=\"https:\/\/reklaamitootja.ee\/fi\/product\/salkoliput\/\">Salkoliput<\/a>\n      <\/div>\n            <div class=\"alternate-product\">\n\t\t  <a href=\"https:\/\/reklaamitootja.ee\/fi\/product\/mainosliput\/\"><img decoding=\"async\" src=\"https:\/\/reklaamitootja.ee\/wp-content\/uploads\/2016\/02\/Rantalippu-150x150.jpg\" alt=\"\" title=\"Rantalippu\" \/><\/a>\n\t  \t<a href=\"https:\/\/reklaamitootja.ee\/fi\/product\/mainosliput\/\">Mainosliput<\/a>\n      <\/div>\n            <div class=\"alternate-product\">\n\t\t  <a href=\"https:\/\/reklaamitootja.ee\/fi\/product\/lipputanko\/\"><img decoding=\"async\" src=\"https:\/\/reklaamitootja.ee\/wp-content\/uploads\/2016\/02\/blokklipp-1731x3380-150x150.jpg\" alt=\"\" title=\"Blokklipp 1731x3380\" \/><\/a>\n\t  \t<a href=\"https:\/\/reklaamitootja.ee\/fi\/product\/lipputanko\/\">Lipputanko<\/a>\n      <\/div>\n            <div class=\"alternate-product\">\n\t\t  <a href=\"https:\/\/reklaamitootja.ee\/fi\/product\/lippuneulos\/\"><img decoding=\"async\" src=\"https:\/\/reklaamitootja.ee\/wp-content\/uploads\/2016\/02\/Bedpal2-150x150.jpg\" alt=\"\" title=\"Bedpal2\" \/><\/a>\n\t  \t<a href=\"https:\/\/reklaamitootja.ee\/fi\/product\/lippuneulos\/\">Lippuneulos<\/a>\n      <\/div>\n      <\/div>  <div style=\"clear: both;\"><\/div>\n  <button type=\"button\" class=\"btn btn-primary ask_for_offer\" data-toggle=\"modal\" data-target=\".bs-example-modal-sm\">K\u00fcsi pakkumist<\/button>\n<\/div>\n\n    <div class=\"product shortcode_element\">\n  <h1 class=\"product-title\">Lipputanko<\/h1>\n\n          <div class=\"product-images\">\n      <a class=\"large-thumb\" rel=\"gallery-9533\" href=\"https:\/\/reklaamitootja.ee\/wp-content\/uploads\/2016\/02\/blokklipp-1731x3380.jpg\"><img decoding=\"async\" src=\"https:\/\/reklaamitootja.ee\/wp-content\/uploads\/2016\/02\/blokklipp-1731x3380-154x300.jpg\" alt=\"\" title=\"Blokklipp 1731x3380\" \/><\/a>\n      <div class=\"small-picts\">\n      \t  \t  \t    <a class=\"small-thumb\" rel=\"gallery-9533\" href=\"https:\/\/reklaamitootja.ee\/wp-content\/uploads\/2016\/02\/veekott_raskus.jpg\"><img decoding=\"async\" src=\"https:\/\/reklaamitootja.ee\/wp-content\/uploads\/2016\/02\/veekott_raskus-150x150.jpg\" alt=\"\" title=\"veekott_raskus\" \/><\/a>\n\n\t  \t        <\/div>\n    <\/div>\n    \n  <div class=\"product-content\"><p>Helposti siirrett\u00e4v\u00e4 lipputanko soveltuu k\u00e4ytt\u00f6\u00f6n sek\u00e4 sis\u00e4ll\u00e4 ett\u00e4 ulkona. S\u00e4\u00e4dett\u00e4v\u00e4n lipputangon suurin korkeus on 7 metri\u00e4. Vedell\u00e4 tai hiekalla t\u00e4ytett\u00e4v\u00e4 alusta takaa vankkuuden kovassakin tuulessa.<\/p>\n<p>Lipputanko on valmistettu kest\u00e4v\u00e4st\u00e4 anodisoidusta alumiinista, joka takaa tuotteen pitk\u00e4n k\u00e4ytt\u00f6i\u00e4n. Lipputanko on helppo asentaa, sek\u00e4 tangolle ett\u00e4 alustalle on omat mukavat kuljetuskassit.<\/p>\n<p>Ainutlaatuisen rakenteen ansiosta lippu on aina n\u00e4ht\u00e4viss\u00e4, tuulesta riippumatta!<\/p>\n<p>Lipun vakiomitat 1,20 m x 5,3 m.<\/p>\n<\/div>\n  \n        <br>\n\t  <div class=\"product_detailed_info\">\n      <h2>Detailne info<\/h2>\n      <div>Hy\u00f6dyt: k\u00e4ytet\u00e4n niin sis\u00e4ll\u00e4 ett\u00e4 ulkona ; helposti asennettava ja siirret\u00e4v\u00e4<\/div><\/div>  \n  \n    <div class=\"alternate_products\">\n    <h2>Alternatiivne toode<\/h2>\n          <div class=\"alternate-product\">\n\t\t  <a href=\"https:\/\/reklaamitootja.ee\/fi\/product\/tankoliput\/\"><img decoding=\"async\" src=\"https:\/\/reklaamitootja.ee\/wp-content\/uploads\/2016\/02\/Tankolippu-150x150.jpg\" alt=\"\" title=\"Tankolippu\" \/><\/a>\n\t  \t<a href=\"https:\/\/reklaamitootja.ee\/fi\/product\/tankoliput\/\">Tankoliput<\/a>\n      <\/div>\n            <div class=\"alternate-product\">\n\t\t  <a href=\"https:\/\/reklaamitootja.ee\/fi\/product\/selkaliput\/\"><img decoding=\"async\" src=\"https:\/\/reklaamitootja.ee\/wp-content\/uploads\/2016\/02\/Selk\u00e4liput-150x150.jpg\" alt=\"\" title=\"Selk\u00e4liput\" \/><\/a>\n\t  \t<a href=\"https:\/\/reklaamitootja.ee\/fi\/product\/selkaliput\/\">Selk\u00e4liput<\/a>\n      <\/div>\n            <div class=\"alternate-product\">\n\t\t  <a href=\"https:\/\/reklaamitootja.ee\/fi\/product\/salkoliput\/\"><img decoding=\"async\" src=\"https:\/\/reklaamitootja.ee\/wp-content\/uploads\/2017\/07\/84_salkolippu_landrover-150x150.jpg\" alt=\"\" title=\"84_salkolippu_landrover\" \/><\/a>\n\t  \t<a href=\"https:\/\/reklaamitootja.ee\/fi\/product\/salkoliput\/\">Salkoliput<\/a>\n      <\/div>\n            <div class=\"alternate-product\">\n\t\t  <a href=\"https:\/\/reklaamitootja.ee\/fi\/product\/mainosliput\/\"><img decoding=\"async\" src=\"https:\/\/reklaamitootja.ee\/wp-content\/uploads\/2016\/02\/Rantalippu-150x150.jpg\" alt=\"\" title=\"Rantalippu\" \/><\/a>\n\t  \t<a href=\"https:\/\/reklaamitootja.ee\/fi\/product\/mainosliput\/\">Mainosliput<\/a>\n      <\/div>\n            <div class=\"alternate-product\">\n\t\t  <a href=\"https:\/\/reklaamitootja.ee\/fi\/product\/lippuneulos\/\"><img decoding=\"async\" src=\"https:\/\/reklaamitootja.ee\/wp-content\/uploads\/2016\/02\/Bedpal2-150x150.jpg\" alt=\"\" title=\"Bedpal2\" \/><\/a>\n\t  \t<a href=\"https:\/\/reklaamitootja.ee\/fi\/product\/lippuneulos\/\">Lippuneulos<\/a>\n      <\/div>\n      <\/div>  <div style=\"clear: both;\"><\/div>\n  <button type=\"button\" class=\"btn btn-primary ask_for_offer\" data-toggle=\"modal\" data-target=\".bs-example-modal-sm\">K\u00fcsi pakkumist<\/button>\n<\/div>\n\n    <div class=\"product shortcode_element\">\n  <h1 class=\"product-title\">Mainosliput<\/h1>\n\n          <div class=\"product-images\">\n      <a class=\"large-thumb\" rel=\"gallery-9530\" href=\"https:\/\/reklaamitootja.ee\/wp-content\/uploads\/2016\/02\/Rantalippu.jpg\"><img decoding=\"async\" src=\"https:\/\/reklaamitootja.ee\/wp-content\/uploads\/2016\/02\/Rantalippu.jpg\" alt=\"\" title=\"Rantalippu\" \/><\/a>\n      <div class=\"small-picts\">\n      \t        <\/div>\n    <\/div>\n    \n  <div class=\"product-content\"><p>Tavanomaiset bannerit ovat n\u00e4ytt\u00e4vi\u00e4, mutta j\u00e4\u00e4v\u00e4t useinkin ihmisten tai autojen varjoon eiv\u00e4tk\u00e4 n\u00e4y kauas. 2,2\u20136 m korkuiset mainosliput takaavat hyv\u00e4n n\u00e4kyvyyden sek\u00e4 sis\u00e4tiloissa ett\u00e4 ulkona.<\/p>\n<p>Toimitukseen sis\u00e4ltyy laadukas ja kest\u00e4v\u00e4 kuljetuslaukku, jossa on oma paikkansa lipulle, lipputangolle sek\u00e4 alustalle. Ainutlaatuisen rakenteen ansiosta lippu pysyy aina n\u00e4ht\u00e4v\u00e4n\u00e4, my\u00f6s tuulessa!<\/p>\n<p>Toimituksen kuuluu:<\/p>\n<ul>\n<li>lipputanko &#8211; valmistettu alumiinista, taipusa yl\u00e4osa kuitumuovia<\/li>\n<li>lipun alusta &#8211; mallista riippuen maahan kiinnitett\u00e4v\u00e4 vaarna, metallihaarukka tai metallilevy<\/li>\n<li>kantolaukku &#8211; lipun mukavan kuljetuksen. Laukun mitat 125&#215;22 mm.<\/li>\n<\/ul>\n<p><img loading=\"lazy\" decoding=\"async\" class=\"alignnone size-medium wp-image-14312\" src=\"http:\/\/reklaamitootja.ee\/wp-content\/uploads\/2016\/02\/lipud-veebi_fin-300x115.jpg\" alt=\"\" width=\"300\" height=\"115\" srcset=\"https:\/\/reklaamitootja.ee\/wp-content\/uploads\/2016\/02\/lipud-veebi_fin-300x115.jpg 300w, https:\/\/reklaamitootja.ee\/wp-content\/uploads\/2016\/02\/lipud-veebi_fin-1024x394.jpg 1024w, https:\/\/reklaamitootja.ee\/wp-content\/uploads\/2016\/02\/lipud-veebi_fin.jpg 2048w\" sizes=\"auto, (max-width: 300px) 100vw, 300px\" \/><\/p>\n<\/div>\n  \n        <br>\n\t  <div class=\"product_detailed_info\">\n      <h2>Detailne info<\/h2>\n      <div>Hy\u00f6dyt: n\u00e4ytt\u00e4v\u00e4 ja n\u00e4kyv\u00e4 keino esitella tuoteita, palveluija tai kiinnitt\u00e4\u00e4 huomiota <\/div><\/div>  \n  \n    <div class=\"alternate_products\">\n    <h2>Alternatiivne toode<\/h2>\n          <div class=\"alternate-product\">\n\t\t  <a href=\"https:\/\/reklaamitootja.ee\/fi\/product\/selkaliput\/\"><img decoding=\"async\" src=\"https:\/\/reklaamitootja.ee\/wp-content\/uploads\/2016\/02\/Selk\u00e4liput-150x150.jpg\" alt=\"\" title=\"Selk\u00e4liput\" \/><\/a>\n\t  \t<a href=\"https:\/\/reklaamitootja.ee\/fi\/product\/selkaliput\/\">Selk\u00e4liput<\/a>\n      <\/div>\n            <div class=\"alternate-product\">\n\t\t  <a href=\"https:\/\/reklaamitootja.ee\/fi\/product\/salkoliput\/\"><img decoding=\"async\" src=\"https:\/\/reklaamitootja.ee\/wp-content\/uploads\/2017\/07\/84_salkolippu_landrover-150x150.jpg\" alt=\"\" title=\"84_salkolippu_landrover\" \/><\/a>\n\t  \t<a href=\"https:\/\/reklaamitootja.ee\/fi\/product\/salkoliput\/\">Salkoliput<\/a>\n      <\/div>\n            <div class=\"alternate-product\">\n\t\t  <a href=\"https:\/\/reklaamitootja.ee\/fi\/product\/pvc-bannerit\/\"><img decoding=\"async\" src=\"https:\/\/reklaamitootja.ee\/wp-content\/uploads\/2016\/02\/isokokoiset-painatukset-150x150.jpg\" alt=\"\" title=\"isokokoiset-painatukset\" \/><\/a>\n\t  \t<a href=\"https:\/\/reklaamitootja.ee\/fi\/product\/pvc-bannerit\/\">PVC bannerit<\/a>\n      <\/div>\n            <div class=\"alternate-product\">\n\t\t  <a href=\"https:\/\/reklaamitootja.ee\/fi\/product\/lipputanko\/\"><img decoding=\"async\" src=\"https:\/\/reklaamitootja.ee\/wp-content\/uploads\/2016\/02\/blokklipp-1731x3380-150x150.jpg\" alt=\"\" title=\"Blokklipp 1731x3380\" \/><\/a>\n\t  \t<a href=\"https:\/\/reklaamitootja.ee\/fi\/product\/lipputanko\/\">Lipputanko<\/a>\n      <\/div>\n            <div class=\"alternate-product\">\n\t\t  <a href=\"https:\/\/reklaamitootja.ee\/fi\/product\/lippuneulos\/\"><img decoding=\"async\" src=\"https:\/\/reklaamitootja.ee\/wp-content\/uploads\/2016\/02\/Bedpal2-150x150.jpg\" alt=\"\" title=\"Bedpal2\" \/><\/a>\n\t  \t<a href=\"https:\/\/reklaamitootja.ee\/fi\/product\/lippuneulos\/\">Lippuneulos<\/a>\n      <\/div>\n      <\/div>  <div style=\"clear: both;\"><\/div>\n  <button type=\"button\" class=\"btn btn-primary ask_for_offer\" data-toggle=\"modal\" data-target=\".bs-example-modal-sm\">K\u00fcsi pakkumist<\/button>\n<\/div>\n\n    <div class=\"product shortcode_element\">\n  <h1 class=\"product-title\">Tankoliput<\/h1>\n\n          <div class=\"product-images\">\n      <a class=\"large-thumb\" rel=\"gallery-9531\" href=\"https:\/\/reklaamitootja.ee\/wp-content\/uploads\/2016\/02\/Tankolippu.jpg\"><img decoding=\"async\" src=\"https:\/\/reklaamitootja.ee\/wp-content\/uploads\/2016\/02\/Tankolippu.jpg\" alt=\"\" title=\"Tankolippu\" \/><\/a>\n      <div class=\"small-picts\">\n      \t  \t  \t    <a class=\"small-thumb\" rel=\"gallery-9531\" href=\"https:\/\/reklaamitootja.ee\/wp-content\/uploads\/2016\/02\/84_kajon_tankolippu.jpg\"><img decoding=\"async\" src=\"https:\/\/reklaamitootja.ee\/wp-content\/uploads\/2016\/02\/84_kajon_tankolippu-150x150.jpg\" alt=\"\" title=\"84_kajon_tankolippu\" \/><\/a>\n\n\t  \t  \t  \t    <a class=\"small-thumb\" rel=\"gallery-9531\" href=\"https:\/\/reklaamitootja.ee\/wp-content\/uploads\/2016\/02\/84_lippu_aatrium_pool-001.jpg\"><img decoding=\"async\" src=\"https:\/\/reklaamitootja.ee\/wp-content\/uploads\/2016\/02\/84_lippu_aatrium_pool-001-150x150.jpg\" alt=\"\" title=\"84_lippu_aatrium_pool-001\" \/><\/a>\n\n\t  \t  \t  \t    <a class=\"small-thumb\" rel=\"gallery-9531\" href=\"https:\/\/reklaamitootja.ee\/wp-content\/uploads\/2016\/02\/84_tankolippu_1650x1050.jpg\"><img decoding=\"async\" src=\"https:\/\/reklaamitootja.ee\/wp-content\/uploads\/2016\/02\/84_tankolippu_1650x1050-150x150.jpg\" alt=\"\" title=\"84_tankolippu_1650x1050\" \/><\/a>\n\n\t  \t  \t  \t    <a class=\"small-thumb\" rel=\"gallery-9531\" href=\"https:\/\/reklaamitootja.ee\/wp-content\/uploads\/2016\/02\/84_yritystili_mastilippu.jpg\"><img decoding=\"async\" src=\"https:\/\/reklaamitootja.ee\/wp-content\/uploads\/2016\/02\/84_yritystili_mastilippu-150x150.jpg\" alt=\"\" title=\"84_yritystili_mastilippu\" \/><\/a>\n\n\t  \t        <\/div>\n    <\/div>\n    \n  <div class=\"product-content\"><p>Tankoliput asiakkaan toivomusten mukaan.<\/p>\n<p>Saatavana on my\u00f6s vakiomittaisia lippuja erikorkuisiin tankoihin:<\/p>\n<p>6 m tanko, lipun mitat 105 x 165 cm<\/p>\n<p>7 m tanko, lipun mitat 115 x 180 cm<\/p>\n<p>8 m tanko, lipun mitat 135 x 212 cm<\/p>\n<p>9 m tanko, lipun mitat 150 x 236 cm<\/p>\n<p>10 m tanko, lipun mitat 165 x 259 cm<\/p>\n<p>Kuvat on painettu lippuihin digitaalisesti, toimitus sis\u00e4lt\u00e4\u00e4 tarvittavat kiinnitykset.<\/p>\n<p>Meilt\u00e4 saa tilata my\u00f6s erikoismittaisia lippuja.<\/p>\n<p><img loading=\"lazy\" decoding=\"async\" class=\"alignnone size-medium wp-image-14465\" src=\"http:\/\/reklaamitootja.ee\/wp-content\/uploads\/2016\/02\/84_lipukonksud-285x300.jpg\" alt=\"\" width=\"285\" height=\"300\" srcset=\"https:\/\/reklaamitootja.ee\/wp-content\/uploads\/2016\/02\/84_lipukonksud-285x300.jpg 285w, https:\/\/reklaamitootja.ee\/wp-content\/uploads\/2016\/02\/84_lipukonksud.jpg 609w\" sizes=\"auto, (max-width: 285px) 100vw, 285px\" \/><\/p>\n<\/div>\n  \n        <br>\n\t  <div class=\"product_detailed_info\">\n      <h2>Detailne info<\/h2>\n      <div>Hy\u00f6dyt: <\/div><\/div>  \n  \n    <div class=\"alternate_products\">\n    <h2>Alternatiivne toode<\/h2>\n          <div class=\"alternate-product\">\n\t\t  <a href=\"https:\/\/reklaamitootja.ee\/fi\/product\/lippuneulos\/\"><img decoding=\"async\" src=\"https:\/\/reklaamitootja.ee\/wp-content\/uploads\/2016\/02\/Bedpal2-150x150.jpg\" alt=\"\" title=\"Bedpal2\" \/><\/a>\n\t  \t<a href=\"https:\/\/reklaamitootja.ee\/fi\/product\/lippuneulos\/\">Lippuneulos<\/a>\n      <\/div>\n            <div class=\"alternate-product\">\n\t\t  <a href=\"https:\/\/reklaamitootja.ee\/fi\/product\/lipputanko\/\"><img decoding=\"async\" src=\"https:\/\/reklaamitootja.ee\/wp-content\/uploads\/2016\/02\/blokklipp-1731x3380-150x150.jpg\" alt=\"\" title=\"Blokklipp 1731x3380\" \/><\/a>\n\t  \t<a href=\"https:\/\/reklaamitootja.ee\/fi\/product\/lipputanko\/\">Lipputanko<\/a>\n      <\/div>\n            <div class=\"alternate-product\">\n\t\t  <a href=\"https:\/\/reklaamitootja.ee\/fi\/product\/mainosliput\/\"><img decoding=\"async\" src=\"https:\/\/reklaamitootja.ee\/wp-content\/uploads\/2016\/02\/Rantalippu-150x150.jpg\" alt=\"\" title=\"Rantalippu\" \/><\/a>\n\t  \t<a href=\"https:\/\/reklaamitootja.ee\/fi\/product\/mainosliput\/\">Mainosliput<\/a>\n      <\/div>\n            <div class=\"alternate-product\">\n\t\t  <a href=\"https:\/\/reklaamitootja.ee\/fi\/product\/salkoliput\/\"><img decoding=\"async\" src=\"https:\/\/reklaamitootja.ee\/wp-content\/uploads\/2017\/07\/84_salkolippu_landrover-150x150.jpg\" alt=\"\" title=\"84_salkolippu_landrover\" \/><\/a>\n\t  \t<a href=\"https:\/\/reklaamitootja.ee\/fi\/product\/salkoliput\/\">Salkoliput<\/a>\n      <\/div>\n            <div class=\"alternate-product\">\n\t\t  <a href=\"https:\/\/reklaamitootja.ee\/fi\/product\/selkaliput\/\"><img decoding=\"async\" src=\"https:\/\/reklaamitootja.ee\/wp-content\/uploads\/2016\/02\/Selk\u00e4liput-150x150.jpg\" alt=\"\" title=\"Selk\u00e4liput\" \/><\/a>\n\t  \t<a href=\"https:\/\/reklaamitootja.ee\/fi\/product\/selkaliput\/\">Selk\u00e4liput<\/a>\n      <\/div>\n      <\/div>  <div style=\"clear: both;\"><\/div>\n  <button type=\"button\" class=\"btn btn-primary ask_for_offer\" data-toggle=\"modal\" data-target=\".bs-example-modal-sm\">K\u00fcsi pakkumist<\/button>\n<\/div>\n\n  \n\n\n","protected":false},"excerpt":{"rendered":"","protected":false},"author":3,"featured_media":0,"parent":9573,"menu_order":309,"comment_status":"closed","ping_status":"closed","template":"toode.php","meta":{"_monsterinsights_skip_tracking":false,"_monsterinsights_sitenote_active":false,"_monsterinsights_sitenote_note":"","_monsterinsights_sitenote_category":0,"footnotes":""},"yst_prominent_words":[],"class_list":["post-9633","page","type-page","status-publish","hentry"],"_links":{"self":[{"href":"https:\/\/reklaamitootja.ee\/fi\/wp-json\/wp\/v2\/pages\/9633","targetHints":{"allow":["GET"]}}],"collection":[{"href":"https:\/\/reklaamitootja.ee\/fi\/wp-json\/wp\/v2\/pages"}],"about":[{"href":"https:\/\/reklaamitootja.ee\/fi\/wp-json\/wp\/v2\/types\/page"}],"author":[{"embeddable":true,"href":"https:\/\/reklaamitootja.ee\/fi\/wp-json\/wp\/v2\/users\/3"}],"replies":[{"embeddable":true,"href":"https:\/\/reklaamitootja.ee\/fi\/wp-json\/wp\/v2\/comments?post=9633"}],"version-history":[{"count":0,"href":"https:\/\/reklaamitootja.ee\/fi\/wp-json\/wp\/v2\/pages\/9633\/revisions"}],"up":[{"embeddable":true,"href":"https:\/\/reklaamitootja.ee\/fi\/wp-json\/wp\/v2\/pages\/9573"}],"wp:attachment":[{"href":"https:\/\/reklaamitootja.ee\/fi\/wp-json\/wp\/v2\/media?parent=9633"}],"wp:term":[{"taxonomy":"yst_prominent_words","embeddable":true,"href":"https:\/\/reklaamitootja.ee\/fi\/wp-json\/wp\/v2\/yst_prominent_words?post=9633"}],"curies":[{"name":"wp","href":"https:\/\/api.w.org\/{rel}","templated":true}]}}