{"id":9623,"date":"2016-02-17T12:32:59","date_gmt":"2016-02-17T10:32:59","guid":{"rendered":"http:\/\/project.dreamo.ee\/promostar\/fi\/tooted\/painaminen\/paperikassit\/"},"modified":"2016-06-18T21:31:22","modified_gmt":"2016-06-18T19:31:22","slug":"paperikassit","status":"publish","type":"page","link":"https:\/\/reklaamitootja.ee\/fi\/paperikassit\/","title":{"rendered":"Paperikassit"},"content":{"rendered":"  <div class=\"product shortcode_element\">\n  <h1 class=\"product-title\">Mainoskassi<\/h1>\n\n          <div class=\"product-images\">\n      <a class=\"large-thumb\" rel=\"gallery-9509\" href=\"https:\/\/reklaamitootja.ee\/wp-content\/uploads\/2016\/02\/paperikassit.jpg\"><img decoding=\"async\" src=\"https:\/\/reklaamitootja.ee\/wp-content\/uploads\/2016\/02\/paperikassit.jpg\" alt=\"\" title=\"paperikassit\" \/><\/a>\n      <div class=\"small-picts\">\n      \t  \t  \t    <a class=\"small-thumb\" rel=\"gallery-9509\" href=\"https:\/\/reklaamitootja.ee\/wp-content\/uploads\/2016\/02\/39_paberipussit_alma.jpg\"><img decoding=\"async\" src=\"https:\/\/reklaamitootja.ee\/wp-content\/uploads\/2016\/02\/39_paberipussit_alma-150x150.jpg\" alt=\"\" title=\"39_paberipussit_alma\" \/><\/a>\n\n\t  \t  \t  \t    <a class=\"small-thumb\" rel=\"gallery-9509\" href=\"https:\/\/reklaamitootja.ee\/wp-content\/uploads\/2016\/02\/39_promostar_kangaskassi.jpg\"><img decoding=\"async\" src=\"https:\/\/reklaamitootja.ee\/wp-content\/uploads\/2016\/02\/39_promostar_kangaskassi-150x150.jpg\" alt=\"\" title=\"39_promostar_kangaskassi\" \/><\/a>\n\n\t  \t  \t  \t    <a class=\"small-thumb\" rel=\"gallery-9509\" href=\"https:\/\/reklaamitootja.ee\/wp-content\/uploads\/2016\/02\/paberkotid_valio.jpg\"><img decoding=\"async\" src=\"https:\/\/reklaamitootja.ee\/wp-content\/uploads\/2016\/02\/paberkotid_valio-150x150.jpg\" alt=\"\" title=\"paberkotid_valio\" \/><\/a>\n\n\t  \t        <\/div>\n    <\/div>\n    \n  <div class=\"product-content\"><p>Mainoskassit omalla kuvalla. Meid\u00e4n laajasta valikoimasta l\u00f6yd\u00e4t kangas-, paperi- ja muovikassit. Mainoskassi on edullinen ja n\u00e4ytt\u00e4v\u00e4 mainosv\u00e4line.<\/p>\n<p>Tarjousta varten tarvitaan seuraavat tiedot: m\u00e4\u00e4r\u00e4, koko sek\u00e4 k\u00e4ytt\u00f6tarkoitus.<\/p>\n<p>&nbsp;<\/p>\n<p><img loading=\"lazy\" decoding=\"async\" class=\"alignnone size-medium wp-image-14168\" src=\"http:\/\/reklaamitootja.ee\/wp-content\/uploads\/2016\/02\/39_kuumapaintuksella-300x235.jpg\" alt=\"\" width=\"300\" height=\"235\" srcset=\"https:\/\/reklaamitootja.ee\/wp-content\/uploads\/2016\/02\/39_kuumapaintuksella-300x235.jpg 300w, https:\/\/reklaamitootja.ee\/wp-content\/uploads\/2016\/02\/39_kuumapaintuksella.jpg 640w\" sizes=\"auto, (max-width: 300px) 100vw, 300px\" \/><\/p>\n<\/div>\n  \n        <br>\n\t  <div class=\"product_detailed_info\">\n      <h2>Detailne info<\/h2>\n      <div>Hy\u00f6dyt: monta eri materiaalia ja mahdollisuuta painoksi<\/div><\/div>  \n  \n    <div class=\"alternate_products\">\n    <h2>Alternatiivne toode<\/h2>\n          <div class=\"alternate-product\">\n\t\t  <a href=\"https:\/\/reklaamitootja.ee\/fi\/product\/brodeeraus\/\"><img decoding=\"async\" src=\"https:\/\/reklaamitootja.ee\/wp-content\/uploads\/2016\/02\/48_brodeeraus_pipolla-150x150.jpg\" alt=\"\" title=\"48_brodeeraus_pipolla\" \/><\/a>\n\t  \t<a href=\"https:\/\/reklaamitootja.ee\/fi\/product\/brodeeraus\/\">Brodeeraus<\/a>\n      <\/div>\n            <div class=\"alternate-product\">\n\t\t  <a href=\"https:\/\/reklaamitootja.ee\/fi\/product\/mainos-ja-logomatot\/\"><img decoding=\"async\" src=\"https:\/\/reklaamitootja.ee\/wp-content\/uploads\/2016\/02\/logomatto-150x150.jpg\" alt=\"\" title=\"logomatto\" \/><\/a>\n\t  \t<a href=\"https:\/\/reklaamitootja.ee\/fi\/product\/mainos-ja-logomatot\/\">Mainos- ja logomatot<\/a>\n      <\/div>\n            <div class=\"alternate-product\">\n\t\t  <a href=\"https:\/\/reklaamitootja.ee\/fi\/product\/mainosliput\/\"><img decoding=\"async\" src=\"https:\/\/reklaamitootja.ee\/wp-content\/uploads\/2016\/02\/Rantalippu-150x150.jpg\" alt=\"\" title=\"Rantalippu\" \/><\/a>\n\t  \t<a href=\"https:\/\/reklaamitootja.ee\/fi\/product\/mainosliput\/\">Mainosliput<\/a>\n      <\/div>\n            <div class=\"alternate-product\">\n\t\t  <a href=\"https:\/\/reklaamitootja.ee\/fi\/product\/paitapainatus\/\"><img decoding=\"async\" src=\"https:\/\/reklaamitootja.ee\/wp-content\/uploads\/2016\/02\/paitapainatus-150x150.jpg\" alt=\"\" title=\"paitapainatus\" \/><\/a>\n\t  \t<a href=\"https:\/\/reklaamitootja.ee\/fi\/product\/paitapainatus\/\">Paitapainatus<\/a>\n      <\/div>\n            <div class=\"alternate-product\">\n\t\t  <a href=\"https:\/\/reklaamitootja.ee\/fi\/product\/putkihuivi\/\"><img decoding=\"async\" src=\"https:\/\/reklaamitootja.ee\/wp-content\/uploads\/2016\/02\/buff1-150x150.jpg\" alt=\"Putkihuivit\" title=\"Putkihuivi\" \/><\/a>\n\t  \t<a href=\"https:\/\/reklaamitootja.ee\/fi\/product\/putkihuivi\/\">Putkihuivi<\/a>\n      <\/div>\n      <\/div>  <div style=\"clear: both;\"><\/div>\n  <button type=\"button\" class=\"btn btn-primary ask_for_offer\" data-toggle=\"modal\" data-target=\".bs-example-modal-sm\">K\u00fcsi pakkumist<\/button>\n<\/div>\n\n  \n\n","protected":false},"excerpt":{"rendered":"","protected":false},"author":3,"featured_media":0,"parent":9565,"menu_order":277,"comment_status":"closed","ping_status":"closed","template":"toode.php","meta":{"_monsterinsights_skip_tracking":false,"_monsterinsights_sitenote_active":false,"_monsterinsights_sitenote_note":"","_monsterinsights_sitenote_category":0,"footnotes":""},"yst_prominent_words":[],"class_list":["post-9623","page","type-page","status-publish","hentry"],"_links":{"self":[{"href":"https:\/\/reklaamitootja.ee\/fi\/wp-json\/wp\/v2\/pages\/9623","targetHints":{"allow":["GET"]}}],"collection":[{"href":"https:\/\/reklaamitootja.ee\/fi\/wp-json\/wp\/v2\/pages"}],"about":[{"href":"https:\/\/reklaamitootja.ee\/fi\/wp-json\/wp\/v2\/types\/page"}],"author":[{"embeddable":true,"href":"https:\/\/reklaamitootja.ee\/fi\/wp-json\/wp\/v2\/users\/3"}],"replies":[{"embeddable":true,"href":"https:\/\/reklaamitootja.ee\/fi\/wp-json\/wp\/v2\/comments?post=9623"}],"version-history":[{"count":0,"href":"https:\/\/reklaamitootja.ee\/fi\/wp-json\/wp\/v2\/pages\/9623\/revisions"}],"up":[{"embeddable":true,"href":"https:\/\/reklaamitootja.ee\/fi\/wp-json\/wp\/v2\/pages\/9565"}],"wp:attachment":[{"href":"https:\/\/reklaamitootja.ee\/fi\/wp-json\/wp\/v2\/media?parent=9623"}],"wp:term":[{"taxonomy":"yst_prominent_words","embeddable":true,"href":"https:\/\/reklaamitootja.ee\/fi\/wp-json\/wp\/v2\/yst_prominent_words?post=9623"}],"curies":[{"name":"wp","href":"https:\/\/api.w.org\/{rel}","templated":true}]}}