{"id":9618,"date":"2016-06-18T21:41:23","date_gmt":"2016-06-18T19:41:23","guid":{"rendered":"http:\/\/project.dreamo.ee\/promostar\/fi\/?page_id=9618"},"modified":"2016-06-18T21:41:23","modified_gmt":"2016-06-18T19:41:23","slug":"lattiatarrat","status":"publish","type":"page","link":"https:\/\/reklaamitootja.ee\/fi\/lattiatarrat\/","title":{"rendered":"Lattiatarrat"},"content":{"rendered":"  <div class=\"product shortcode_element\">\n  <h1 class=\"product-title\">Lattiatarrat<\/h1>\n\n          <div class=\"product-images\">\n      <a class=\"large-thumb\" rel=\"gallery-9501\" href=\"https:\/\/reklaamitootja.ee\/wp-content\/uploads\/2016\/02\/lattiatarrat.jpg\"><img decoding=\"async\" src=\"https:\/\/reklaamitootja.ee\/wp-content\/uploads\/2016\/02\/lattiatarrat.jpg\" alt=\"\" title=\"lattiatarrat\" \/><\/a>\n      <div class=\"small-picts\">\n      \t  \t  \t    <a class=\"small-thumb\" rel=\"gallery-9501\" href=\"https:\/\/reklaamitootja.ee\/wp-content\/uploads\/2016\/02\/porandakleebis-3153x3409.jpg\"><img decoding=\"async\" src=\"https:\/\/reklaamitootja.ee\/wp-content\/uploads\/2016\/02\/porandakleebis-3153x3409-150x150.jpg\" alt=\"\" title=\"P\u00f5randakleebis 3153x3409\" \/><\/a>\n\n\t  \t  \t  \t    <a class=\"small-thumb\" rel=\"gallery-9501\" href=\"https:\/\/reklaamitootja.ee\/wp-content\/uploads\/2016\/02\/porandakleebis-2203x1512.jpg\"><img decoding=\"async\" src=\"https:\/\/reklaamitootja.ee\/wp-content\/uploads\/2016\/02\/porandakleebis-2203x1512-150x150.jpg\" alt=\"\" title=\"p\u00f5randakleebis 2203x1512\" \/><\/a>\n\n\t  \t        <\/div>\n    <\/div>\n    \n  <div class=\"product-content\"><p>Lattiatarrojen erikoisuus tavallisiin tarroihin verrattuna on paksu ja kest\u00e4v\u00e4 laminaattipinta. Lattiatarrat kest\u00e4v\u00e4t vaikeitakin olosuhteita kuten kuraa, hankausta jne.<\/p>\n<p>P\u00e4\u00e4asialliset k\u00e4ytt\u00f6kohteet:<\/p>\n<p>kauppakeskukset, urheiluklubit, urheiluhallit, elokuvateatterit, hotellit yms &#8211; eli ne paikat jossa on aina paljon v\u00e4ke\u00e4 ja mainontasta tehoaa. N\u00e4ytt\u00e4v\u00e4t mainostarrat tuovat runsaasti uusia liikeyhteyksi\u00e4.<\/p>\n<p>Lattialaminaatin koko rullassa on 1040 mm tai 1400 mm.<\/p>\n<p>Kysy tarjousta jo t\u00e4n\u00e4\u00e4n &#8211; l\u00e4hett\u00e4k\u00e4\u00e4 seuraavat tiedot: tarrojen muotoilu, mitat, lukum\u00e4\u00e4r\u00e4 ja k\u00e4ytt\u00f6kohde.<\/p>\n<\/div>\n  \n        <br>\n\t  <div class=\"product_detailed_info\">\n      <h2>Detailne info<\/h2>\n      <div>Hy\u00f6dyt: helppo asentaa ja irrottaa<\/div><\/div>  \n  \n    <div class=\"alternate_products\">\n    <h2>Alternatiivne toode<\/h2>\n          <div class=\"alternate-product\">\n\t\t  <a href=\"https:\/\/reklaamitootja.ee\/fi\/product\/autotarrat\/\"><img decoding=\"async\" src=\"https:\/\/reklaamitootja.ee\/wp-content\/uploads\/2016\/02\/21_autokleebised_4344x2661-1-150x150.jpg\" alt=\"\" title=\"21_autokleebised_4344x2661\" \/><\/a>\n\t  \t<a href=\"https:\/\/reklaamitootja.ee\/fi\/product\/autotarrat\/\">Autotarrat<\/a>\n      <\/div>\n            <div class=\"alternate-product\">\n\t\t  <a href=\"https:\/\/reklaamitootja.ee\/fi\/product\/mainostarrat\/\"><img decoding=\"async\" src=\"https:\/\/reklaamitootja.ee\/wp-content\/uploads\/2016\/02\/mainostarrat-150x150.jpg\" alt=\"\" title=\"mainostarrat\" \/><\/a>\n\t  \t<a href=\"https:\/\/reklaamitootja.ee\/fi\/product\/mainostarrat\/\">Mainostarrat<\/a>\n      <\/div>\n            <div class=\"alternate-product\">\n\t\t  <a href=\"https:\/\/reklaamitootja.ee\/fi\/product\/tarrakalvot-sisatiloihin\/\"><img decoding=\"async\" src=\"https:\/\/reklaamitootja.ee\/wp-content\/uploads\/2016\/02\/tarrakalvot-sis\u00e4tiloihin-150x150.jpg\" alt=\"\" title=\"tarrakalvot-sis\u00e4tiloihin\" \/><\/a>\n\t  \t<a href=\"https:\/\/reklaamitootja.ee\/fi\/product\/tarrakalvot-sisatiloihin\/\">Tarrakalvot sis\u00e4tiloihin<\/a>\n      <\/div>\n            <div class=\"alternate-product\">\n\t\t  <a href=\"https:\/\/reklaamitootja.ee\/fi\/product\/kaksipuoliset-tarrat\/\"><img decoding=\"async\" src=\"https:\/\/reklaamitootja.ee\/wp-content\/uploads\/2016\/02\/kaksipuoliset-tarrat-150x150.jpg\" alt=\"\" title=\"kaksipuoliset-tarrat\" \/><\/a>\n\t  \t<a href=\"https:\/\/reklaamitootja.ee\/fi\/product\/kaksipuoliset-tarrat\/\">Kaksipuoliset tarrat<\/a>\n      <\/div>\n            <div class=\"alternate-product\">\n\t\t  <a href=\"https:\/\/reklaamitootja.ee\/fi\/product\/heijastintarrat\/\"><img decoding=\"async\" src=\"https:\/\/reklaamitootja.ee\/wp-content\/uploads\/2016\/02\/heijastintarrat-150x150.jpg\" alt=\"\" title=\"heijastintarrat\" \/><\/a>\n\t  \t<a href=\"https:\/\/reklaamitootja.ee\/fi\/product\/heijastintarrat\/\">Heijastintarrat<\/a>\n      <\/div>\n      <\/div>  <div style=\"clear: both;\"><\/div>\n  <button type=\"button\" class=\"btn btn-primary ask_for_offer\" data-toggle=\"modal\" data-target=\".bs-example-modal-sm\">K\u00fcsi pakkumist<\/button>\n<\/div>\n\n  \n\n","protected":false},"excerpt":{"rendered":"","protected":false},"author":3,"featured_media":0,"parent":9566,"menu_order":272,"comment_status":"closed","ping_status":"closed","template":"toode.php","meta":{"_monsterinsights_skip_tracking":false,"_monsterinsights_sitenote_active":false,"_monsterinsights_sitenote_note":"","_monsterinsights_sitenote_category":0,"footnotes":""},"yst_prominent_words":[],"class_list":["post-9618","page","type-page","status-publish","hentry"],"_links":{"self":[{"href":"https:\/\/reklaamitootja.ee\/fi\/wp-json\/wp\/v2\/pages\/9618","targetHints":{"allow":["GET"]}}],"collection":[{"href":"https:\/\/reklaamitootja.ee\/fi\/wp-json\/wp\/v2\/pages"}],"about":[{"href":"https:\/\/reklaamitootja.ee\/fi\/wp-json\/wp\/v2\/types\/page"}],"author":[{"embeddable":true,"href":"https:\/\/reklaamitootja.ee\/fi\/wp-json\/wp\/v2\/users\/3"}],"replies":[{"embeddable":true,"href":"https:\/\/reklaamitootja.ee\/fi\/wp-json\/wp\/v2\/comments?post=9618"}],"version-history":[{"count":0,"href":"https:\/\/reklaamitootja.ee\/fi\/wp-json\/wp\/v2\/pages\/9618\/revisions"}],"up":[{"embeddable":true,"href":"https:\/\/reklaamitootja.ee\/fi\/wp-json\/wp\/v2\/pages\/9566"}],"wp:attachment":[{"href":"https:\/\/reklaamitootja.ee\/fi\/wp-json\/wp\/v2\/media?parent=9618"}],"wp:term":[{"taxonomy":"yst_prominent_words","embeddable":true,"href":"https:\/\/reklaamitootja.ee\/fi\/wp-json\/wp\/v2\/yst_prominent_words?post=9618"}],"curies":[{"name":"wp","href":"https:\/\/api.w.org\/{rel}","templated":true}]}}