{"id":9617,"date":"2016-06-18T21:41:23","date_gmt":"2016-06-18T19:41:23","guid":{"rendered":"http:\/\/project.dreamo.ee\/promostar\/fi\/?page_id=9617"},"modified":"2016-06-18T21:41:23","modified_gmt":"2016-06-18T19:41:23","slug":"magneettitarrat","status":"publish","type":"page","link":"https:\/\/reklaamitootja.ee\/fi\/magneettitarrat\/","title":{"rendered":"Magneettitarrat"},"content":{"rendered":"  <div class=\"product shortcode_element\">\n  <h1 class=\"product-title\">Magneettitarrat<\/h1>\n\n          <div class=\"product-images\">\n      <a class=\"large-thumb\" rel=\"gallery-9500\" href=\"https:\/\/reklaamitootja.ee\/wp-content\/uploads\/2016\/02\/3468_Koulukyyti_Magneettitarra.jpg\"><img decoding=\"async\" src=\"https:\/\/reklaamitootja.ee\/wp-content\/uploads\/2016\/02\/3468_Koulukyyti_Magneettitarra.jpg\" alt=\"\" title=\"3468_Koulukyyti_Magneettitarra\" \/><\/a>\n      <div class=\"small-picts\">\n      \t  \t  \t    <a class=\"small-thumb\" rel=\"gallery-9500\" href=\"https:\/\/reklaamitootja.ee\/wp-content\/uploads\/2016\/02\/94_magneettitarra_fookuspookus.jpg\"><img decoding=\"async\" src=\"https:\/\/reklaamitootja.ee\/wp-content\/uploads\/2016\/02\/94_magneettitarra_fookuspookus-150x150.jpg\" alt=\"\" title=\"94_magneettitarra_fookuspookus\" \/><\/a>\n\n\t  \t  \t  \t    <a class=\"small-thumb\" rel=\"gallery-9500\" href=\"https:\/\/reklaamitootja.ee\/wp-content\/uploads\/2016\/02\/94_magneettitarra_rehvitakso.jpg\"><img decoding=\"async\" src=\"https:\/\/reklaamitootja.ee\/wp-content\/uploads\/2016\/02\/94_magneettitarra_rehvitakso-150x150.jpg\" alt=\"\" title=\"94_magneettitarra_rehvitakso\" \/><\/a>\n\n\t  \t  \t  \t    <a class=\"small-thumb\" rel=\"gallery-9500\" href=\"https:\/\/reklaamitootja.ee\/wp-content\/uploads\/2016\/02\/94_magneettitarra.jpg\"><img decoding=\"async\" src=\"https:\/\/reklaamitootja.ee\/wp-content\/uploads\/2016\/02\/94_magneettitarra-150x150.jpg\" alt=\"\" title=\"94_magneettitarra\" \/><\/a>\n\n\t  \t  \t  \t    <a class=\"small-thumb\" rel=\"gallery-9500\" href=\"https:\/\/reklaamitootja.ee\/wp-content\/uploads\/2016\/02\/94_magneettitarrat.jpg\"><img decoding=\"async\" src=\"https:\/\/reklaamitootja.ee\/wp-content\/uploads\/2016\/02\/94_magneettitarrat-150x150.jpg\" alt=\"\" title=\"94_magneettitarrat\" \/><\/a>\n\n\t  \t        <\/div>\n    <\/div>\n    \n  <div class=\"product-content\"><p>Magneettitarrat ovat pehme\u00e4t\u00e4 magneettikumia, johon liimataan teid\u00e4n haluamanne kuvat\/logot\/tekstit. Magneettitarrat voi poistaa ja laittaa haluttaessa takaisin. Magneettitarroja k\u00e4ytt\u00e4v\u00e4t nyky\u00e4\u00e4n paljon taksi- ja bussiyhti\u00f6t.<\/p>\n<p>Magneettitarrat sopivat erinomaisesti my\u00f6s kampanjamainontaan. Niill\u00e4 voi v\u00e4litt\u00e4\u00e4 esimerkiksi tietoa tarjoushinnoista tai muuta ajoittain muuttuvaa informaatiota. Edellytyksen\u00e4 on tietysti metallipintojen k\u00e4ytt\u00f6mahdollisuus.<\/p>\n<p>Magneettitarramateriaali valmistetaan rullamateriaalina, jonka leveys on 60 cm, mik\u00e4 on otettava huomioon tilausta tehdess\u00e4.<\/p>\n<p>Tarjouksen saamiseksi l\u00e4hett\u00e4k\u00e4\u00e4 seuraavat tiedot: magneettitarran mitat, ainesto, lukum\u00e4\u00e4r\u00e4 ja k\u00e4ytt\u00f6kohde.<\/p>\n<\/div>\n  \n        <br>\n\t  <div class=\"product_detailed_info\">\n      <h2>Detailne info<\/h2>\n      <div>Hy\u00f6dyt: sopii tilap\u00e4isen k\u00e4ytt\u00f6n ; ei vauriota auton maalia<\/div><\/div>  \n  \n    <div class=\"alternate_products\">\n    <h2>Alternatiivne toode<\/h2>\n          <div class=\"alternate-product\">\n\t\t  <a href=\"https:\/\/reklaamitootja.ee\/fi\/product\/3d-tarrat\/\"><img decoding=\"async\" src=\"https:\/\/reklaamitootja.ee\/wp-content\/uploads\/2016\/02\/3d-tarrat-150x150.jpg\" alt=\"\" title=\"3d-tarrat\" \/><\/a>\n\t  \t<a href=\"https:\/\/reklaamitootja.ee\/fi\/product\/3d-tarrat\/\">3D tarrat<\/a>\n      <\/div>\n            <div class=\"alternate-product\">\n\t\t  <a href=\"https:\/\/reklaamitootja.ee\/fi\/product\/autotarrat\/\"><img decoding=\"async\" src=\"https:\/\/reklaamitootja.ee\/wp-content\/uploads\/2016\/02\/21_autokleebised_4344x2661-1-150x150.jpg\" alt=\"\" title=\"21_autokleebised_4344x2661\" \/><\/a>\n\t  \t<a href=\"https:\/\/reklaamitootja.ee\/fi\/product\/autotarrat\/\">Autotarrat<\/a>\n      <\/div>\n            <div class=\"alternate-product\">\n\t\t  <a href=\"https:\/\/reklaamitootja.ee\/fi\/product\/kaksipuoliset-tarrat\/\"><img decoding=\"async\" src=\"https:\/\/reklaamitootja.ee\/wp-content\/uploads\/2016\/02\/kaksipuoliset-tarrat-150x150.jpg\" alt=\"\" title=\"kaksipuoliset-tarrat\" \/><\/a>\n\t  \t<a href=\"https:\/\/reklaamitootja.ee\/fi\/product\/kaksipuoliset-tarrat\/\">Kaksipuoliset tarrat<\/a>\n      <\/div>\n            <div class=\"alternate-product\">\n\t\t  <a href=\"https:\/\/reklaamitootja.ee\/fi\/product\/lattiatarrat\/\"><img decoding=\"async\" src=\"https:\/\/reklaamitootja.ee\/wp-content\/uploads\/2016\/02\/lattiatarrat-150x150.jpg\" alt=\"\" title=\"lattiatarrat\" \/><\/a>\n\t  \t<a href=\"https:\/\/reklaamitootja.ee\/fi\/product\/lattiatarrat\/\">Lattiatarrat<\/a>\n      <\/div>\n            <div class=\"alternate-product\">\n\t\t  <a href=\"https:\/\/reklaamitootja.ee\/fi\/product\/mainostarrat\/\"><img decoding=\"async\" src=\"https:\/\/reklaamitootja.ee\/wp-content\/uploads\/2016\/02\/mainostarrat-150x150.jpg\" alt=\"\" title=\"mainostarrat\" \/><\/a>\n\t  \t<a href=\"https:\/\/reklaamitootja.ee\/fi\/product\/mainostarrat\/\">Mainostarrat<\/a>\n      <\/div>\n      <\/div>  <div style=\"clear: both;\"><\/div>\n  <button type=\"button\" class=\"btn btn-primary ask_for_offer\" data-toggle=\"modal\" data-target=\".bs-example-modal-sm\">K\u00fcsi pakkumist<\/button>\n<\/div>\n\n  \n\n","protected":false},"excerpt":{"rendered":"","protected":false},"author":3,"featured_media":0,"parent":9566,"menu_order":271,"comment_status":"closed","ping_status":"closed","template":"toode.php","meta":{"_monsterinsights_skip_tracking":false,"_monsterinsights_sitenote_active":false,"_monsterinsights_sitenote_note":"","_monsterinsights_sitenote_category":0,"footnotes":""},"yst_prominent_words":[],"class_list":["post-9617","page","type-page","status-publish","hentry"],"_links":{"self":[{"href":"https:\/\/reklaamitootja.ee\/fi\/wp-json\/wp\/v2\/pages\/9617","targetHints":{"allow":["GET"]}}],"collection":[{"href":"https:\/\/reklaamitootja.ee\/fi\/wp-json\/wp\/v2\/pages"}],"about":[{"href":"https:\/\/reklaamitootja.ee\/fi\/wp-json\/wp\/v2\/types\/page"}],"author":[{"embeddable":true,"href":"https:\/\/reklaamitootja.ee\/fi\/wp-json\/wp\/v2\/users\/3"}],"replies":[{"embeddable":true,"href":"https:\/\/reklaamitootja.ee\/fi\/wp-json\/wp\/v2\/comments?post=9617"}],"version-history":[{"count":0,"href":"https:\/\/reklaamitootja.ee\/fi\/wp-json\/wp\/v2\/pages\/9617\/revisions"}],"up":[{"embeddable":true,"href":"https:\/\/reklaamitootja.ee\/fi\/wp-json\/wp\/v2\/pages\/9566"}],"wp:attachment":[{"href":"https:\/\/reklaamitootja.ee\/fi\/wp-json\/wp\/v2\/media?parent=9617"}],"wp:term":[{"taxonomy":"yst_prominent_words","embeddable":true,"href":"https:\/\/reklaamitootja.ee\/fi\/wp-json\/wp\/v2\/yst_prominent_words?post=9617"}],"curies":[{"name":"wp","href":"https:\/\/api.w.org\/{rel}","templated":true}]}}