{"id":9615,"date":"2016-06-18T21:41:23","date_gmt":"2016-06-18T19:41:23","guid":{"rendered":"http:\/\/project.dreamo.ee\/promostar\/fi\/?page_id=9615"},"modified":"2016-06-18T21:41:23","modified_gmt":"2016-06-18T19:41:23","slug":"heijastintarrat","status":"publish","type":"page","link":"https:\/\/reklaamitootja.ee\/fi\/heijastintarrat\/","title":{"rendered":"Heijastintarrat"},"content":{"rendered":"  <div class=\"product shortcode_element\">\n  <h1 class=\"product-title\">Heijastintarrat<\/h1>\n\n          <div class=\"product-images\">\n      <a class=\"large-thumb\" rel=\"gallery-9498\" href=\"https:\/\/reklaamitootja.ee\/wp-content\/uploads\/2016\/02\/heijastintarrat.jpg\"><img decoding=\"async\" src=\"https:\/\/reklaamitootja.ee\/wp-content\/uploads\/2016\/02\/heijastintarrat.jpg\" alt=\"\" title=\"heijastintarrat\" \/><\/a>\n      <div class=\"small-picts\">\n      \t  \t  \t    <a class=\"small-thumb\" rel=\"gallery-9498\" href=\"https:\/\/reklaamitootja.ee\/wp-content\/uploads\/2016\/02\/113_heijastintarra_kepikonniliit-1.jpg\"><img decoding=\"async\" src=\"https:\/\/reklaamitootja.ee\/wp-content\/uploads\/2016\/02\/113_heijastintarra_kepikonniliit-1-150x150.jpg\" alt=\"\" title=\"113_heijastintarra_kepikonniliit\" \/><\/a>\n\n\t  \t  \t  \t    <a class=\"small-thumb\" rel=\"gallery-9498\" href=\"https:\/\/reklaamitootja.ee\/wp-content\/uploads\/2016\/02\/113_keltaiset_tarrat.jpg\"><img decoding=\"async\" src=\"https:\/\/reklaamitootja.ee\/wp-content\/uploads\/2016\/02\/113_keltaiset_tarrat-150x150.jpg\" alt=\"\" title=\"113_keltaiset_tarrat\" \/><\/a>\n\n\t  \t  \t  \t    <a class=\"small-thumb\" rel=\"gallery-9498\" href=\"https:\/\/reklaamitootja.ee\/wp-content\/uploads\/2016\/02\/113_tarrat.jpg\"><img decoding=\"async\" src=\"https:\/\/reklaamitootja.ee\/wp-content\/uploads\/2016\/02\/113_tarrat-150x150.jpg\" alt=\"\" title=\"113_tarrat\" \/><\/a>\n\n\t  \t  \t  \t    <a class=\"small-thumb\" rel=\"gallery-9498\" href=\"https:\/\/reklaamitootja.ee\/wp-content\/uploads\/2016\/02\/113_tarrat-002.jpg\"><img decoding=\"async\" src=\"https:\/\/reklaamitootja.ee\/wp-content\/uploads\/2016\/02\/113_tarrat-002-150x150.jpg\" alt=\"\" title=\"113_tarrat-002\" \/><\/a>\n\n\t  \t        <\/div>\n    <\/div>\n    \n  <div class=\"product-content\"><p>Heijastintarrat ovat erinomaisen tehokkaita, kun valo osuu niihin. Me kaikki tied\u00e4mme milt\u00e4 liikennemerkki n\u00e4ytt\u00e4\u00e4 autojen valoissa. Samalla tavalla heijastaa valoja my\u00f6s teid\u00e4n mainostarra.<\/p>\n<p>Heijastintarrat ovat tavallisia kertoja kalliimpia, jonka takia suosittelemme, ett\u00e4 laitatte heijastintarrat sellaisiin paikkoihin, jossa niihin osuvat valot. Katoille ei kannata heijastinmainoksia yleens\u00e4 laittaa. Suosituimmat k\u00e4ytt\u00f6kohteet ovat www-osoitteet autojen takaosissa, my\u00f6s puhelinnumerot ja muu tieto autojen kyljiss\u00e4.<\/p>\n<p>Tarjouksen saamiseksi l\u00e4hett\u00e4k\u00e4\u00e4 seuraavat tiedot: tarran muotoilu tai muotoiluideat, mitat, lukum\u00e4\u00e4r\u00e4t ja k\u00e4ytt\u00f6kohde.<\/p>\n<\/div>\n  \n        <br>\n\t  <div class=\"product_detailed_info\">\n      <h2>Detailne info<\/h2>\n      <div>Hy\u00f6dyt: hyv\u00e4 pysyvyys ja n\u00e4kyvys<\/div><\/div>  \n  \n    <div class=\"alternate_products\">\n    <h2>Alternatiivne toode<\/h2>\n          <div class=\"alternate-product\">\n\t\t  <a href=\"https:\/\/reklaamitootja.ee\/fi\/product\/3d-tarrat\/\"><img decoding=\"async\" src=\"https:\/\/reklaamitootja.ee\/wp-content\/uploads\/2016\/02\/3d-tarrat-150x150.jpg\" alt=\"\" title=\"3d-tarrat\" \/><\/a>\n\t  \t<a href=\"https:\/\/reklaamitootja.ee\/fi\/product\/3d-tarrat\/\">3D tarrat<\/a>\n      <\/div>\n            <div class=\"alternate-product\">\n\t\t  <a href=\"https:\/\/reklaamitootja.ee\/fi\/product\/autotarrat\/\"><img decoding=\"async\" src=\"https:\/\/reklaamitootja.ee\/wp-content\/uploads\/2016\/02\/21_autokleebised_4344x2661-1-150x150.jpg\" alt=\"\" title=\"21_autokleebised_4344x2661\" \/><\/a>\n\t  \t<a href=\"https:\/\/reklaamitootja.ee\/fi\/product\/autotarrat\/\">Autotarrat<\/a>\n      <\/div>\n            <div class=\"alternate-product\">\n\t\t  <a href=\"https:\/\/reklaamitootja.ee\/fi\/product\/heijastimet\/\"><img decoding=\"async\" src=\"https:\/\/reklaamitootja.ee\/wp-content\/uploads\/2016\/02\/135347791964-150x150.jpg\" alt=\"\" title=\"Syd\u00e4n muotoinen pehmoheijastin we care\" \/><\/a>\n\t  \t<a href=\"https:\/\/reklaamitootja.ee\/fi\/product\/heijastimet\/\">Heijastimet<\/a>\n      <\/div>\n            <div class=\"alternate-product\">\n\t\t  <a href=\"https:\/\/reklaamitootja.ee\/fi\/product\/heijastinliivi\/\"><img decoding=\"async\" src=\"https:\/\/reklaamitootja.ee\/wp-content\/uploads\/2016\/02\/135347763071-150x150.jpg\" alt=\"\" title=\"Heijastinliivi Purkupro\" \/><\/a>\n\t  \t<a href=\"https:\/\/reklaamitootja.ee\/fi\/product\/heijastinliivi\/\">Heijastinliivi<\/a>\n      <\/div>\n            <div class=\"alternate-product\">\n\t\t  <a href=\"https:\/\/reklaamitootja.ee\/fi\/product\/varoituskyltit\/\"><img decoding=\"async\" src=\"https:\/\/reklaamitootja.ee\/wp-content\/uploads\/2016\/02\/varoituskyltit-150x150.jpg\" alt=\"\" title=\"varoituskyltit\" \/><\/a>\n\t  \t<a href=\"https:\/\/reklaamitootja.ee\/fi\/product\/varoituskyltit\/\">Varoituskyltit<\/a>\n      <\/div>\n      <\/div>  <div style=\"clear: both;\"><\/div>\n  <button type=\"button\" class=\"btn btn-primary ask_for_offer\" data-toggle=\"modal\" data-target=\".bs-example-modal-sm\">K\u00fcsi pakkumist<\/button>\n<\/div>\n\n  \n\n","protected":false},"excerpt":{"rendered":"","protected":false},"author":3,"featured_media":0,"parent":9566,"menu_order":268,"comment_status":"closed","ping_status":"closed","template":"toode.php","meta":{"_monsterinsights_skip_tracking":false,"_monsterinsights_sitenote_active":false,"_monsterinsights_sitenote_note":"","_monsterinsights_sitenote_category":0,"footnotes":""},"yst_prominent_words":[],"class_list":["post-9615","page","type-page","status-publish","hentry"],"_links":{"self":[{"href":"https:\/\/reklaamitootja.ee\/fi\/wp-json\/wp\/v2\/pages\/9615","targetHints":{"allow":["GET"]}}],"collection":[{"href":"https:\/\/reklaamitootja.ee\/fi\/wp-json\/wp\/v2\/pages"}],"about":[{"href":"https:\/\/reklaamitootja.ee\/fi\/wp-json\/wp\/v2\/types\/page"}],"author":[{"embeddable":true,"href":"https:\/\/reklaamitootja.ee\/fi\/wp-json\/wp\/v2\/users\/3"}],"replies":[{"embeddable":true,"href":"https:\/\/reklaamitootja.ee\/fi\/wp-json\/wp\/v2\/comments?post=9615"}],"version-history":[{"count":0,"href":"https:\/\/reklaamitootja.ee\/fi\/wp-json\/wp\/v2\/pages\/9615\/revisions"}],"up":[{"embeddable":true,"href":"https:\/\/reklaamitootja.ee\/fi\/wp-json\/wp\/v2\/pages\/9566"}],"wp:attachment":[{"href":"https:\/\/reklaamitootja.ee\/fi\/wp-json\/wp\/v2\/media?parent=9615"}],"wp:term":[{"taxonomy":"yst_prominent_words","embeddable":true,"href":"https:\/\/reklaamitootja.ee\/fi\/wp-json\/wp\/v2\/yst_prominent_words?post=9615"}],"curies":[{"name":"wp","href":"https:\/\/api.w.org\/{rel}","templated":true}]}}