{"id":9612,"date":"2016-06-18T21:41:22","date_gmt":"2016-06-18T19:41:22","guid":{"rendered":"http:\/\/project.dreamo.ee\/promostar\/fi\/?page_id=9612"},"modified":"2016-06-18T21:41:22","modified_gmt":"2016-06-18T19:41:22","slug":"autotarrat","status":"publish","type":"page","link":"https:\/\/reklaamitootja.ee\/fi\/autotarrat\/","title":{"rendered":"Autotarrat"},"content":{"rendered":"  <div class=\"product shortcode_element\">\n  <h1 class=\"product-title\">Autotarrat<\/h1>\n\n          <div class=\"product-images\">\n      <a class=\"large-thumb\" rel=\"gallery-9494\" href=\"https:\/\/reklaamitootja.ee\/wp-content\/uploads\/2016\/02\/21_autokleebised_4344x2661-1.jpg\"><img decoding=\"async\" src=\"https:\/\/reklaamitootja.ee\/wp-content\/uploads\/2016\/02\/21_autokleebised_4344x2661-1-300x184.jpg\" alt=\"\" title=\"21_autokleebised_4344x2661\" \/><\/a>\n      <div class=\"small-picts\">\n      \t  \t  \t    <a class=\"small-thumb\" rel=\"gallery-9494\" href=\"https:\/\/reklaamitootja.ee\/wp-content\/uploads\/2016\/02\/21_20130413_142402-1.jpg\"><img decoding=\"async\" src=\"https:\/\/reklaamitootja.ee\/wp-content\/uploads\/2016\/02\/21_20130413_142402-1-150x150.jpg\" alt=\"\" title=\"21_20130413_142402\" \/><\/a>\n\n\t  \t  \t  \t    <a class=\"small-thumb\" rel=\"gallery-9494\" href=\"https:\/\/reklaamitootja.ee\/wp-content\/uploads\/2016\/02\/44_autotarrat2962x2069_6.jpg\"><img decoding=\"async\" src=\"https:\/\/reklaamitootja.ee\/wp-content\/uploads\/2016\/02\/44_autotarrat2962x2069_6-150x150.jpg\" alt=\"\" title=\"44_autotarrat2962x2069_(6)\" \/><\/a>\n\n\t  \t  \t  \t    <a class=\"small-thumb\" rel=\"gallery-9494\" href=\"https:\/\/reklaamitootja.ee\/wp-content\/uploads\/2016\/02\/autokleebised-4608x3456-001.jpg\"><img decoding=\"async\" src=\"https:\/\/reklaamitootja.ee\/wp-content\/uploads\/2016\/02\/autokleebised-4608x3456-001-150x150.jpg\" alt=\"\" title=\"Autokleebised 4608x3456-001\" \/><\/a>\n\n\t  \t  \t  \t    <a class=\"small-thumb\" rel=\"gallery-9494\" href=\"https:\/\/reklaamitootja.ee\/wp-content\/uploads\/2016\/02\/autokleebised-3818x2506.jpg\"><img decoding=\"async\" src=\"https:\/\/reklaamitootja.ee\/wp-content\/uploads\/2016\/02\/autokleebised-3818x2506-150x150.jpg\" alt=\"\" title=\"Autokleebised 3818x2506\" \/><\/a>\n\n\t  \t        <\/div>\n    <\/div>\n    \n  <div class=\"product-content\"><p>Autotarrat &#8211; mainos tiell\u00e4 olleen! Autotarrojen\u00a0valmistuksessa ei ole merkillisi\u00e4 rajoja. Auto voidaan peitt\u00e4\u00e4 100 % tarrakalvolla eli siis muuttaa sen v\u00e4rin kokonaan. Voidaan my\u00f6s k\u00e4ytt\u00e4\u00e4 yksinkertaisempaa\u00a0 muotoilua ja peitt\u00e4\u00e4 auto osittain.<\/p>\n<p>Suosittelemme, ett\u00e4 harkitsette mainoksenne muotoilua suunnitellessanne, mit\u00e4 haluatte sanoa asiakkaillenne. Kirjoittakaa yl\u00f6s koko olennainen tieto jota haluatte v\u00e4litt\u00e4\u00e4 automainoksellanne. Sen j\u00e4lkeen pit\u00e4isi suunnitella muotoilu. Tahtoessanne teemme muotoilusuunnitelman itse.<\/p>\n<p>Jotta voisimme suunnitella mainoksenne ulkomuodon, meid\u00e4n pit\u00e4\u00e4 saada yll\u00e4 mainitut tiedot (millaiset tiedot ja mihin).<\/p>\n<p>Tarjouksen saamiseksi l\u00e4hett\u00e4k\u00e4\u00e4 seuraavat tiedot:<\/p>\n<ul>\n<li>millainen on mainoksen ulkomuoto,<\/li>\n<li>kuinka pitk\u00e4\u00e4 takuuaikaa tarvitsette,<\/li>\n<li>ajoneuvojen lukum\u00e4\u00e4r\u00e4.<\/li>\n<\/ul>\n<p>Mik\u00e4li mainoksen ulkomuoto ei ole suunniteltu, l\u00e4hett\u00e4k\u00e4\u00e4 n\u00e4kemyksenne asiasta, jotta voisimme tehd\u00e4 muotoiluehdotuksia. 3M50-sarjan tarrojen v\u00e4rikartta<\/p>\n<p><strong>T\u00f6ille tarjoamme my\u00f6s\u00a03M MCS-takuuta.<\/strong><\/p>\n<\/div>\n  \n        <br>\n\t  <div class=\"product_detailed_info\">\n      <h2>Detailne info<\/h2>\n      <div>Hy\u00f6dyt: Helppo ja nopea tapa saada viesti perille. Kest\u00e4v\u00e4t 3M materiaalit.<\/div><\/div>  \n  \n    <div class=\"alternate_products\">\n    <h2>Alternatiivne toode<\/h2>\n          <div class=\"alternate-product\">\n\t\t  <a href=\"https:\/\/reklaamitootja.ee\/fi\/product\/heijastintarrat\/\"><img decoding=\"async\" src=\"https:\/\/reklaamitootja.ee\/wp-content\/uploads\/2016\/02\/heijastintarrat-150x150.jpg\" alt=\"\" title=\"heijastintarrat\" \/><\/a>\n\t  \t<a href=\"https:\/\/reklaamitootja.ee\/fi\/product\/heijastintarrat\/\">Heijastintarrat<\/a>\n      <\/div>\n            <div class=\"alternate-product\">\n\t\t  <a href=\"https:\/\/reklaamitootja.ee\/fi\/product\/magneettitarrat\/\"><img decoding=\"async\" src=\"https:\/\/reklaamitootja.ee\/wp-content\/uploads\/2016\/02\/3468_Koulukyyti_Magneettitarra-150x150.jpg\" alt=\"\" title=\"3468_Koulukyyti_Magneettitarra\" \/><\/a>\n\t  \t<a href=\"https:\/\/reklaamitootja.ee\/fi\/product\/magneettitarrat\/\">Magneettitarrat<\/a>\n      <\/div>\n            <div class=\"alternate-product\">\n\t\t  <a href=\"https:\/\/reklaamitootja.ee\/fi\/product\/selkaliput\/\"><img decoding=\"async\" src=\"https:\/\/reklaamitootja.ee\/wp-content\/uploads\/2016\/02\/Selk\u00e4liput-150x150.jpg\" alt=\"\" title=\"Selk\u00e4liput\" \/><\/a>\n\t  \t<a href=\"https:\/\/reklaamitootja.ee\/fi\/product\/selkaliput\/\">Selk\u00e4liput<\/a>\n      <\/div>\n            <div class=\"alternate-product\">\n\t\t  <a href=\"https:\/\/reklaamitootja.ee\/fi\/product\/turvaliivi\/\"><img decoding=\"async\" src=\"https:\/\/reklaamitootja.ee\/wp-content\/uploads\/2016\/02\/48_heijastavalla_painatuksella_musta_heijastinliivi-1-150x150.jpg\" alt=\"\" title=\"48_heijastavalla_painatuksella_musta_heijastinliivi\" \/><\/a>\n\t  \t<a href=\"https:\/\/reklaamitootja.ee\/fi\/product\/turvaliivi\/\">Turvaliivi<\/a>\n      <\/div>\n            <div class=\"alternate-product\">\n\t\t  <a href=\"https:\/\/reklaamitootja.ee\/fi\/product\/venenumerot\/\"><img decoding=\"async\" src=\"https:\/\/reklaamitootja.ee\/wp-content\/uploads\/2016\/02\/venenumerot-150x150.jpg\" alt=\"\" title=\"venenumerot\" \/><\/a>\n\t  \t<a href=\"https:\/\/reklaamitootja.ee\/fi\/product\/venenumerot\/\">Venenumerot<\/a>\n      <\/div>\n      <\/div>  <div style=\"clear: both;\"><\/div>\n  <button type=\"button\" class=\"btn btn-primary ask_for_offer\" data-toggle=\"modal\" data-target=\".bs-example-modal-sm\">K\u00fcsi pakkumist<\/button>\n<\/div>\n\n  \n\n\n","protected":false},"excerpt":{"rendered":"","protected":false},"author":3,"featured_media":0,"parent":9566,"menu_order":265,"comment_status":"closed","ping_status":"closed","template":"toode.php","meta":{"_monsterinsights_skip_tracking":false,"_monsterinsights_sitenote_active":false,"_monsterinsights_sitenote_note":"","_monsterinsights_sitenote_category":0,"footnotes":""},"yst_prominent_words":[],"class_list":["post-9612","page","type-page","status-publish","hentry"],"_links":{"self":[{"href":"https:\/\/reklaamitootja.ee\/fi\/wp-json\/wp\/v2\/pages\/9612","targetHints":{"allow":["GET"]}}],"collection":[{"href":"https:\/\/reklaamitootja.ee\/fi\/wp-json\/wp\/v2\/pages"}],"about":[{"href":"https:\/\/reklaamitootja.ee\/fi\/wp-json\/wp\/v2\/types\/page"}],"author":[{"embeddable":true,"href":"https:\/\/reklaamitootja.ee\/fi\/wp-json\/wp\/v2\/users\/3"}],"replies":[{"embeddable":true,"href":"https:\/\/reklaamitootja.ee\/fi\/wp-json\/wp\/v2\/comments?post=9612"}],"version-history":[{"count":1,"href":"https:\/\/reklaamitootja.ee\/fi\/wp-json\/wp\/v2\/pages\/9612\/revisions"}],"predecessor-version":[{"id":20683,"href":"https:\/\/reklaamitootja.ee\/fi\/wp-json\/wp\/v2\/pages\/9612\/revisions\/20683"}],"up":[{"embeddable":true,"href":"https:\/\/reklaamitootja.ee\/fi\/wp-json\/wp\/v2\/pages\/9566"}],"wp:attachment":[{"href":"https:\/\/reklaamitootja.ee\/fi\/wp-json\/wp\/v2\/media?parent=9612"}],"wp:term":[{"taxonomy":"yst_prominent_words","embeddable":true,"href":"https:\/\/reklaamitootja.ee\/fi\/wp-json\/wp\/v2\/yst_prominent_words?post=9612"}],"curies":[{"name":"wp","href":"https:\/\/api.w.org\/{rel}","templated":true}]}}