{"id":9591,"date":"2016-06-18T21:41:22","date_gmt":"2016-06-18T19:41:22","guid":{"rendered":"http:\/\/project.dreamo.ee\/promostar\/fi\/?page_id=9591"},"modified":"2016-06-18T21:41:22","modified_gmt":"2016-06-18T19:41:22","slug":"nimineulat_","status":"publish","type":"page","link":"https:\/\/reklaamitootja.ee\/fi\/nimineulat_\/","title":{"rendered":"Nimineulat"},"content":{"rendered":"  <div class=\"product shortcode_element\">\n  <h1 class=\"product-title\">Nimineulat<\/h1>\n\n          <div class=\"product-images\">\n      <a class=\"large-thumb\" rel=\"gallery-9555\" href=\"https:\/\/reklaamitootja.ee\/wp-content\/uploads\/2016\/02\/nimesilt.jpg\"><img decoding=\"async\" src=\"https:\/\/reklaamitootja.ee\/wp-content\/uploads\/2016\/02\/nimesilt-300x225.jpg\" alt=\"\" title=\"nimesilt\" \/><\/a>\n      <div class=\"small-picts\">\n      \t        <\/div>\n    <\/div>\n    \n  <div class=\"product-content\"><p>Nimineulat valmistetaan monella eri tavalla. Esimerkkiksi linssitarroilla valmistetut on tarkoitettu suuriin kappalem\u00e4\u00e4rin.<\/p>\n<p>Tarjouksen saamiseksi l\u00e4hett\u00e4k\u00e4\u00e4 meille logo tai teksti ja m\u00e4\u00e4r\u00e4 ja sen perusteella tarjoamme Teille parhaimman vaihtoehon.<\/p>\n<\/div>\n  \n        <br>\n\t  <div class=\"product_detailed_info\">\n      <h2>Detailne info<\/h2>\n      <div>Hy\u00f6dyt: nimineula omien toivedenne mukaan - kilpipohjat, v\u00e4rivaihdoehtot jpm<\/div><\/div>  \n  \n    <div class=\"alternate_products\">\n    <h2>Alternatiivne toode<\/h2>\n          <div class=\"alternate-product\">\n\t\t  <a href=\"https:\/\/reklaamitootja.ee\/fi\/product\/3d-tarrat\/\"><img decoding=\"async\" src=\"https:\/\/reklaamitootja.ee\/wp-content\/uploads\/2016\/02\/3d-tarrat-150x150.jpg\" alt=\"\" title=\"3d-tarrat\" \/><\/a>\n\t  \t<a href=\"https:\/\/reklaamitootja.ee\/fi\/product\/3d-tarrat\/\">3D tarrat<\/a>\n      <\/div>\n            <div class=\"alternate-product\">\n\t\t  <a href=\"https:\/\/reklaamitootja.ee\/fi\/product\/brodeeraus\/\"><img decoding=\"async\" src=\"https:\/\/reklaamitootja.ee\/wp-content\/uploads\/2016\/02\/48_brodeeraus_pipolla-150x150.jpg\" alt=\"\" title=\"48_brodeeraus_pipolla\" \/><\/a>\n\t  \t<a href=\"https:\/\/reklaamitootja.ee\/fi\/product\/brodeeraus\/\">Brodeeraus<\/a>\n      <\/div>\n            <div class=\"alternate-product\">\n\t\t  <a href=\"https:\/\/reklaamitootja.ee\/fi\/product\/kylttien-kaiverrus-ja-laserleikkaus\/\"><img decoding=\"async\" src=\"https:\/\/reklaamitootja.ee\/wp-content\/uploads\/2016\/02\/kylttien-kaiverrus-ja-laserleikaus-150x150.jpg\" alt=\"\" title=\"kylttien-kaiverrus-ja-laserleikaus\" \/><\/a>\n\t  \t<a href=\"https:\/\/reklaamitootja.ee\/fi\/product\/kylttien-kaiverrus-ja-laserleikkaus\/\">Kylttien kaiverrus ja laserleikkaus<\/a>\n      <\/div>\n            <div class=\"alternate-product\">\n\t\t  <a href=\"https:\/\/reklaamitootja.ee\/fi\/product\/rintalaput-ja-merkit\/\"><img decoding=\"async\" src=\"https:\/\/reklaamitootja.ee\/wp-content\/uploads\/2016\/02\/rintalaput-150x150.jpg\" alt=\"\" title=\"rintalaput\" \/><\/a>\n\t  \t<a href=\"https:\/\/reklaamitootja.ee\/fi\/product\/rintalaput-ja-merkit\/\">Rintalaput ja -merkit<\/a>\n      <\/div>\n            <div class=\"alternate-product\">\n\t\t  <a href=\"https:\/\/reklaamitootja.ee\/fi\/product\/pinssit-ja-rintanapit\/\"><img decoding=\"async\" src=\"https:\/\/reklaamitootja.ee\/wp-content\/uploads\/2016\/02\/rinnamark-150x150.jpg\" alt=\"\" title=\"rinnamark\" \/><\/a>\n\t  \t<a href=\"https:\/\/reklaamitootja.ee\/fi\/product\/pinssit-ja-rintanapit\/\">Pinssit ja rintanapit<\/a>\n      <\/div>\n      <\/div>  <div style=\"clear: both;\"><\/div>\n  <button type=\"button\" class=\"btn btn-primary ask_for_offer\" data-toggle=\"modal\" data-target=\".bs-example-modal-sm\">K\u00fcsi pakkumist<\/button>\n<\/div>\n\n  \n\n","protected":false},"excerpt":{"rendered":"","protected":false},"author":3,"featured_media":0,"parent":9577,"menu_order":408,"comment_status":"closed","ping_status":"closed","template":"toode.php","meta":{"_monsterinsights_skip_tracking":false,"_monsterinsights_sitenote_active":false,"_monsterinsights_sitenote_note":"","_monsterinsights_sitenote_category":0,"footnotes":""},"yst_prominent_words":[],"class_list":["post-9591","page","type-page","status-publish","hentry"],"_links":{"self":[{"href":"https:\/\/reklaamitootja.ee\/fi\/wp-json\/wp\/v2\/pages\/9591","targetHints":{"allow":["GET"]}}],"collection":[{"href":"https:\/\/reklaamitootja.ee\/fi\/wp-json\/wp\/v2\/pages"}],"about":[{"href":"https:\/\/reklaamitootja.ee\/fi\/wp-json\/wp\/v2\/types\/page"}],"author":[{"embeddable":true,"href":"https:\/\/reklaamitootja.ee\/fi\/wp-json\/wp\/v2\/users\/3"}],"replies":[{"embeddable":true,"href":"https:\/\/reklaamitootja.ee\/fi\/wp-json\/wp\/v2\/comments?post=9591"}],"version-history":[{"count":0,"href":"https:\/\/reklaamitootja.ee\/fi\/wp-json\/wp\/v2\/pages\/9591\/revisions"}],"up":[{"embeddable":true,"href":"https:\/\/reklaamitootja.ee\/fi\/wp-json\/wp\/v2\/pages\/9577"}],"wp:attachment":[{"href":"https:\/\/reklaamitootja.ee\/fi\/wp-json\/wp\/v2\/media?parent=9591"}],"wp:term":[{"taxonomy":"yst_prominent_words","embeddable":true,"href":"https:\/\/reklaamitootja.ee\/fi\/wp-json\/wp\/v2\/yst_prominent_words?post=9591"}],"curies":[{"name":"wp","href":"https:\/\/api.w.org\/{rel}","templated":true}]}}