{"id":9590,"date":"2016-06-18T21:41:22","date_gmt":"2016-06-18T19:41:22","guid":{"rendered":"http:\/\/project.dreamo.ee\/promostar\/fi\/?page_id=9590"},"modified":"2016-06-18T21:41:22","modified_gmt":"2016-06-18T19:41:22","slug":"pinssit_ja_rintanapit","status":"publish","type":"page","link":"https:\/\/reklaamitootja.ee\/fi\/pinssit_ja_rintanapit\/","title":{"rendered":"Pinssit ja rintanapit"},"content":{"rendered":"  <div class=\"product shortcode_element\">\n  <h1 class=\"product-title\">Pinssit ja rintanapit<\/h1>\n\n          <div class=\"product-images\">\n      <a class=\"large-thumb\" rel=\"gallery-9553\" href=\"https:\/\/reklaamitootja.ee\/wp-content\/uploads\/2016\/02\/rinnamark.jpg\"><img decoding=\"async\" src=\"https:\/\/reklaamitootja.ee\/wp-content\/uploads\/2016\/02\/rinnamark-241x300.jpg\" alt=\"\" title=\"rinnamark\" \/><\/a>\n      <div class=\"small-picts\">\n      \t  \t  \t    <a class=\"small-thumb\" rel=\"gallery-9553\" href=\"https:\/\/reklaamitootja.ee\/wp-content\/uploads\/2016\/02\/rinnamark_pin.jpg\"><img decoding=\"async\" src=\"https:\/\/reklaamitootja.ee\/wp-content\/uploads\/2016\/02\/rinnamark_pin-150x150.jpg\" alt=\"\" title=\"rinnamark_pin\" \/><\/a>\n\n\t  \t  \t  \t    <a class=\"small-thumb\" rel=\"gallery-9553\" href=\"https:\/\/reklaamitootja.ee\/wp-content\/uploads\/2016\/02\/rinnamaerk.jpg\"><img decoding=\"async\" src=\"https:\/\/reklaamitootja.ee\/wp-content\/uploads\/2016\/02\/rinnamaerk-150x150.jpg\" alt=\"\" title=\"rinnam\u00e4rk\" \/><\/a>\n\n\t  \t  \t  \t    <a class=\"small-thumb\" rel=\"gallery-9553\" href=\"https:\/\/reklaamitootja.ee\/wp-content\/uploads\/2016\/02\/rinnamaergid.jpg\"><img decoding=\"async\" src=\"https:\/\/reklaamitootja.ee\/wp-content\/uploads\/2016\/02\/rinnamaergid-150x150.jpg\" alt=\"\" title=\"rinnam\u00e4rgid\" \/><\/a>\n\n\t  \t        <\/div>\n    <\/div>\n    \n  <div class=\"product-content\"><p>Pinssit ja rintanapit &#8211; oivalliset promotuotteet.<\/p>\n<p>Pinssej\u00e4 valmistetaan erikokisia, erimuotoisia. Py\u00f6reit\u00e4 rintanappeja omalla kuvalla tai logolla.<\/p>\n<p>Pinssin voi suunnitella my\u00f6s itse.<\/p>\n<\/div>\n  \n        <br>\n\t  <div class=\"product_detailed_info\">\n      <h2>Detailne info<\/h2>\n      <div>Hy\u00f6dyt: suunnitele itse ainutlaatuinen pinssi tai rintanappi <\/div><\/div>  \n  \n    <div class=\"alternate_products\">\n    <h2>Alternatiivne toode<\/h2>\n          <div class=\"alternate-product\">\n\t\t  <a href=\"https:\/\/reklaamitootja.ee\/fi\/product\/3d-tarrat\/\"><img decoding=\"async\" src=\"https:\/\/reklaamitootja.ee\/wp-content\/uploads\/2016\/02\/3d-tarrat-150x150.jpg\" alt=\"\" title=\"3d-tarrat\" \/><\/a>\n\t  \t<a href=\"https:\/\/reklaamitootja.ee\/fi\/product\/3d-tarrat\/\">3D tarrat<\/a>\n      <\/div>\n            <div class=\"alternate-product\">\n\t\t  <a href=\"https:\/\/reklaamitootja.ee\/fi\/product\/brodeeraus\/\"><img decoding=\"async\" src=\"https:\/\/reklaamitootja.ee\/wp-content\/uploads\/2016\/02\/48_brodeeraus_pipolla-150x150.jpg\" alt=\"\" title=\"48_brodeeraus_pipolla\" \/><\/a>\n\t  \t<a href=\"https:\/\/reklaamitootja.ee\/fi\/product\/brodeeraus\/\">Brodeeraus<\/a>\n      <\/div>\n            <div class=\"alternate-product\">\n\t\t  <a href=\"https:\/\/reklaamitootja.ee\/fi\/product\/heijastimet\/\"><img decoding=\"async\" src=\"https:\/\/reklaamitootja.ee\/wp-content\/uploads\/2016\/02\/135347791964-150x150.jpg\" alt=\"\" title=\"Syd\u00e4n muotoinen pehmoheijastin we care\" \/><\/a>\n\t  \t<a href=\"https:\/\/reklaamitootja.ee\/fi\/product\/heijastimet\/\">Heijastimet<\/a>\n      <\/div>\n            <div class=\"alternate-product\">\n\t\t  <a href=\"https:\/\/reklaamitootja.ee\/fi\/product\/jaakaappimagneetti\/\"><img decoding=\"async\" src=\"https:\/\/reklaamitootja.ee\/wp-content\/uploads\/2016\/02\/57_Magnetkleebised_Laps_Autos-150x150.jpg\" alt=\"\" title=\"57_Magnetkleebised_Laps_Autos\" \/><\/a>\n\t  \t<a href=\"https:\/\/reklaamitootja.ee\/fi\/product\/jaakaappimagneetti\/\">J\u00e4\u00e4kaappimagneetti<\/a>\n      <\/div>\n            <div class=\"alternate-product\">\n\t\t  <a href=\"https:\/\/reklaamitootja.ee\/fi\/product\/nimineulat\/\"><img decoding=\"async\" src=\"https:\/\/reklaamitootja.ee\/wp-content\/uploads\/2016\/02\/nimesilt-150x150.jpg\" alt=\"\" title=\"nimesilt\" \/><\/a>\n\t  \t<a href=\"https:\/\/reklaamitootja.ee\/fi\/product\/nimineulat\/\">Nimineulat<\/a>\n      <\/div>\n      <\/div>  <div style=\"clear: both;\"><\/div>\n  <button type=\"button\" class=\"btn btn-primary ask_for_offer\" data-toggle=\"modal\" data-target=\".bs-example-modal-sm\">K\u00fcsi pakkumist<\/button>\n<\/div>\n\n  \n\n","protected":false},"excerpt":{"rendered":"","protected":false},"author":3,"featured_media":0,"parent":9577,"menu_order":407,"comment_status":"closed","ping_status":"closed","template":"toode.php","meta":{"_monsterinsights_skip_tracking":false,"_monsterinsights_sitenote_active":false,"_monsterinsights_sitenote_note":"","_monsterinsights_sitenote_category":0,"footnotes":""},"yst_prominent_words":[],"class_list":["post-9590","page","type-page","status-publish","hentry"],"_links":{"self":[{"href":"https:\/\/reklaamitootja.ee\/fi\/wp-json\/wp\/v2\/pages\/9590","targetHints":{"allow":["GET"]}}],"collection":[{"href":"https:\/\/reklaamitootja.ee\/fi\/wp-json\/wp\/v2\/pages"}],"about":[{"href":"https:\/\/reklaamitootja.ee\/fi\/wp-json\/wp\/v2\/types\/page"}],"author":[{"embeddable":true,"href":"https:\/\/reklaamitootja.ee\/fi\/wp-json\/wp\/v2\/users\/3"}],"replies":[{"embeddable":true,"href":"https:\/\/reklaamitootja.ee\/fi\/wp-json\/wp\/v2\/comments?post=9590"}],"version-history":[{"count":0,"href":"https:\/\/reklaamitootja.ee\/fi\/wp-json\/wp\/v2\/pages\/9590\/revisions"}],"up":[{"embeddable":true,"href":"https:\/\/reklaamitootja.ee\/fi\/wp-json\/wp\/v2\/pages\/9577"}],"wp:attachment":[{"href":"https:\/\/reklaamitootja.ee\/fi\/wp-json\/wp\/v2\/media?parent=9590"}],"wp:term":[{"taxonomy":"yst_prominent_words","embeddable":true,"href":"https:\/\/reklaamitootja.ee\/fi\/wp-json\/wp\/v2\/yst_prominent_words?post=9590"}],"curies":[{"name":"wp","href":"https:\/\/api.w.org\/{rel}","templated":true}]}}