{"id":9574,"date":"2016-07-23T10:06:09","date_gmt":"2016-07-23T08:06:09","guid":{"rendered":"http:\/\/project.dreamo.ee\/promostar\/fi\/?page_id=9574"},"modified":"2016-08-27T08:30:38","modified_gmt":"2016-08-27T06:30:38","slug":"heijastimet","status":"publish","type":"page","link":"https:\/\/reklaamitootja.ee\/fi\/heijastimet\/","title":{"rendered":"Heijastimet"},"content":{"rendered":"  <div class=\"product shortcode_element\">\n  <h1 class=\"product-title\">Heijastimet<\/h1>\n\n          <div class=\"product-images\">\n      <a class=\"large-thumb\" rel=\"gallery-9513\" href=\"https:\/\/reklaamitootja.ee\/wp-content\/uploads\/2016\/02\/135347791964.jpg\"><img decoding=\"async\" src=\"https:\/\/reklaamitootja.ee\/wp-content\/uploads\/2016\/02\/135347791964-300x233.jpg\" alt=\"\" title=\"Syd\u00e4n muotoinen pehmoheijastin we care\" \/><\/a>\n      <div class=\"small-picts\">\n      \t  \t  \t    <a class=\"small-thumb\" rel=\"gallery-9513\" href=\"https:\/\/reklaamitootja.ee\/wp-content\/uploads\/2016\/02\/135347791098.jpg\"><img decoding=\"async\" src=\"https:\/\/reklaamitootja.ee\/wp-content\/uploads\/2016\/02\/135347791098-150x150.jpg\" alt=\"\" title=\"S\u00f5najala - py\u00f6rea heijastin\" \/><\/a>\n\n\t  \t  \t  \t    <a class=\"small-thumb\" rel=\"gallery-9513\" href=\"https:\/\/reklaamitootja.ee\/wp-content\/uploads\/2016\/02\/135347736410.jpg\"><img decoding=\"async\" src=\"https:\/\/reklaamitootja.ee\/wp-content\/uploads\/2016\/02\/135347736410-150x150.jpg\" alt=\"\" title=\"Pehmoheijastin W\u00dcRTH\" \/><\/a>\n\n\t  \t  \t  \t    <a class=\"small-thumb\" rel=\"gallery-9513\" href=\"https:\/\/reklaamitootja.ee\/wp-content\/uploads\/2016\/02\/1353477337136.jpg\"><img decoding=\"async\" src=\"https:\/\/reklaamitootja.ee\/wp-content\/uploads\/2016\/02\/1353477337136-150x150.jpg\" alt=\"\" title=\"Auton muotoinen VW heijastin\" \/><\/a>\n\n\t  \t  \t  \t    <a class=\"small-thumb\" rel=\"gallery-9513\" href=\"https:\/\/reklaamitootja.ee\/wp-content\/uploads\/2016\/02\/135347667928.jpg\"><img decoding=\"async\" src=\"https:\/\/reklaamitootja.ee\/wp-content\/uploads\/2016\/02\/135347667928-150x150.jpg\" alt=\"\" title=\"Heijastin RE\/MAX\" \/><\/a>\n\n\t  \t  \t  \t    <a class=\"small-thumb\" rel=\"gallery-9513\" href=\"https:\/\/reklaamitootja.ee\/wp-content\/uploads\/2016\/02\/135520972795.jpg\"><img decoding=\"async\" src=\"https:\/\/reklaamitootja.ee\/wp-content\/uploads\/2016\/02\/135520972795-150x150.jpg\" alt=\"\" title=\"Pehmoheijastin KAJON\" \/><\/a>\n\n\t  \t        <\/div>\n    <\/div>\n    \n  <div class=\"product-content\"><p>Heijastin on el\u00e4m\u00e4\u00e4 suojeleva lahja &#8211; samassa my\u00f6s huomiota her\u00e4tt\u00e4v\u00e4 mainos!<\/p>\n<p>Tilattavissa erimuotoisia heijastimia, jotka voidaan tehd\u00e4 omalla logolla. Heijastin valmistetaan 3M:n heijastinkalvosta. Painatus tehd\u00e4\u00e4n aina heijastavan kalvon alle &#8211; siit\u00e4 johtuen heijastavuus ei heikkene. Heijastimet on pakattu yksitt\u00e4in pussiin.<\/p>\n<p><strong>Tarjousta varten l\u00e4hett\u00e4k\u00e4\u00e4 meille tietoja toivomuksistanne:<\/strong><\/p>\n<ul>\n<li>heijastimen toivottu koko<\/li>\n<li>toivottu m\u00e4\u00e4r\u00e4 ja muoto<\/li>\n<li>kiinnitystapa<\/li>\n<\/ul>\n<p><img loading=\"lazy\" decoding=\"async\" class=\"alignnone size-medium wp-image-14131\" src=\"http:\/\/reklaamitootja.ee\/wp-content\/uploads\/2016\/02\/kinnitused_fi-300x80.jpg\" alt=\"\" width=\"300\" height=\"80\" srcset=\"https:\/\/reklaamitootja.ee\/wp-content\/uploads\/2016\/02\/kinnitused_fi-300x80.jpg 300w, https:\/\/reklaamitootja.ee\/wp-content\/uploads\/2016\/02\/kinnitused_fi-1024x272.jpg 1024w, https:\/\/reklaamitootja.ee\/wp-content\/uploads\/2016\/02\/kinnitused_fi.jpg 2048w\" sizes=\"auto, (max-width: 300px) 100vw, 300px\" \/><\/p>\n<p>Sen tiedon pohjalta voimme jo tehd\u00e4 tarjouksen.<br \/>\nHintakyselyn saa l\u00e4hett\u00e4 kuvan alla olevan linkin kautta.<\/p>\n<div id=\"attachment_6297\" style=\"width: 160px\" class=\"wp-caption alignleft\"><img loading=\"lazy\" decoding=\"async\" aria-describedby=\"caption-attachment-6297\" class=\"wp-image-6297 size-thumbnail\" src=\"http:\/\/reklaamitootja.ee\/wp-content\/uploads\/2016\/02\/135732290344-150x150.jpg\" alt=\"Heijastimet\" width=\"150\" height=\"150\" \/><p id=\"caption-attachment-6297\" class=\"wp-caption-text\">Heijastimet<\/p><\/div>\n<p>&nbsp;<\/p>\n<p>&nbsp;<\/p>\n<p>&nbsp;<\/p>\n<p>&nbsp;<\/p>\n<p>&nbsp;<\/p>\n<p>&nbsp;<\/p>\n<p><em><span style=\"font-family: verdana,geneva;\">Suomen ty\u00f6terveyslaitos on EY-tyyppitarkastanut t\u00e4m\u00e4n henkil\u00f6nsuojaintyypin direktiivin 89\/686\/EEC mukaisesti.<\/span><\/em><\/p>\n<p>&nbsp;<\/p>\n<\/div>\n  \n        <br>\n\t  <div class=\"product_detailed_info\">\n      <h2>Detailne info<\/h2>\n      <div>Hy\u00f6dyt: el\u00e4m\u00e4 suojeleva lahja - samassa my\u00f6s huomiota her\u00e4tt\u00e4v\u00e4 mainos ; saatavissa erimuotoisia ja my\u00f6s omalla logolla<\/div><\/div>  \n  \n    <div class=\"alternate_products\">\n    <h2>Alternatiivne toode<\/h2>\n          <div class=\"alternate-product\">\n\t\t  <a href=\"https:\/\/reklaamitootja.ee\/fi\/product\/heijastintarrat\/\"><img decoding=\"async\" src=\"https:\/\/reklaamitootja.ee\/wp-content\/uploads\/2016\/02\/heijastintarrat-150x150.jpg\" alt=\"\" title=\"heijastintarrat\" \/><\/a>\n\t  \t<a href=\"https:\/\/reklaamitootja.ee\/fi\/product\/heijastintarrat\/\">Heijastintarrat<\/a>\n      <\/div>\n            <div class=\"alternate-product\">\n\t\t  <a href=\"https:\/\/reklaamitootja.ee\/fi\/product\/heijastinliivi\/\"><img decoding=\"async\" src=\"https:\/\/reklaamitootja.ee\/wp-content\/uploads\/2016\/02\/135347763071-150x150.jpg\" alt=\"\" title=\"Heijastinliivi Purkupro\" \/><\/a>\n\t  \t<a href=\"https:\/\/reklaamitootja.ee\/fi\/product\/heijastinliivi\/\">Heijastinliivi<\/a>\n      <\/div>\n            <div class=\"alternate-product\">\n\t\t  <a href=\"https:\/\/reklaamitootja.ee\/fi\/product\/heijastimen-kayttoohje\/\"><img decoding=\"async\" src=\"https:\/\/reklaamitootja.ee\/wp-content\/uploads\/2016\/02\/helkuri_graafika25-150x150.jpg\" alt=\"\" title=\"helkuri_graafika25\" \/><\/a>\n\t  \t<a href=\"https:\/\/reklaamitootja.ee\/fi\/product\/heijastimen-kayttoohje\/\">K\u00e4ytt\u00f6ohje<\/a>\n      <\/div>\n            <div class=\"alternate-product\">\n\t\t  <a href=\"https:\/\/reklaamitootja.ee\/fi\/product\/heijastimet\/\"><img decoding=\"async\" src=\"https:\/\/reklaamitootja.ee\/wp-content\/uploads\/2016\/02\/135347791964-150x150.jpg\" alt=\"\" title=\"Syd\u00e4n muotoinen pehmoheijastin we care\" \/><\/a>\n\t  \t<a href=\"https:\/\/reklaamitootja.ee\/fi\/product\/heijastimet\/\">Heijastimet<\/a>\n      <\/div>\n      <\/div>  <div style=\"clear: both;\"><\/div>\n  <button type=\"button\" class=\"btn btn-primary ask_for_offer\" data-toggle=\"modal\" data-target=\".bs-example-modal-sm\">K\u00fcsi pakkumist<\/button>\n<\/div>\n\n    <div class=\"product shortcode_element\">\n  <h1 class=\"product-title\">K\u00e4ytt\u00f6ohje<\/h1>\n\n          <div class=\"product-images\">\n      <a class=\"large-thumb\" rel=\"gallery-9515\" href=\"https:\/\/reklaamitootja.ee\/wp-content\/uploads\/2016\/02\/helkuri_graafika25.jpg\"><img decoding=\"async\" src=\"https:\/\/reklaamitootja.ee\/wp-content\/uploads\/2016\/02\/helkuri_graafika25.jpg\" alt=\"\" title=\"helkuri_graafika25\" \/><\/a>\n      <div class=\"small-picts\">\n      \t        <\/div>\n    <\/div>\n    \n  <div class=\"product-content\"><p>Kiinnit\u00e4 heijastin oikealle puolelle polven korkeudelle. Heijastimen tulee roikkua vapaasti ja n\u00e4ky\u00e4 joka suuntaan. Vahingoittunut tai likaantunut heijastin on vaihdettava uuteen.<\/p>\n<ul>\n<li><strong>Pime\u00e4\u00e4n aikaan heijastimen kaytt\u00f6 on pakollinen my\u00f6s valaistulla taajama-alueella<span style=\"font-family: verdana,geneva; font-size: small;\">.<\/span><\/strong><\/li>\n<\/ul>\n<\/div>\n  \n        <br>\n\t  <div class=\"product_detailed_info\">\n      <h2>Detailne info<\/h2>\n      <div>: <\/div><\/div>  \n  \n    <div class=\"alternate_products\">\n    <h2>Alternatiivne toode<\/h2>\n          <div class=\"alternate-product\">\n\t\t  <a href=\"https:\/\/reklaamitootja.ee\/fi\/product\/heijastimet\/\"><img decoding=\"async\" src=\"https:\/\/reklaamitootja.ee\/wp-content\/uploads\/2016\/02\/135347791964-150x150.jpg\" alt=\"\" title=\"Syd\u00e4n muotoinen pehmoheijastin we care\" \/><\/a>\n\t  \t<a href=\"https:\/\/reklaamitootja.ee\/fi\/product\/heijastimet\/\">Heijastimet<\/a>\n      <\/div>\n            <div class=\"alternate-product\">\n\t\t  <a href=\"https:\/\/reklaamitootja.ee\/fi\/product\/heijastinliivi\/\"><img decoding=\"async\" src=\"https:\/\/reklaamitootja.ee\/wp-content\/uploads\/2016\/02\/135347763071-150x150.jpg\" alt=\"\" title=\"Heijastinliivi Purkupro\" \/><\/a>\n\t  \t<a href=\"https:\/\/reklaamitootja.ee\/fi\/product\/heijastinliivi\/\">Heijastinliivi<\/a>\n      <\/div>\n            <div class=\"alternate-product\">\n\t\t  <a href=\"https:\/\/reklaamitootja.ee\/fi\/product\/heijastintarrat\/\"><img decoding=\"async\" src=\"https:\/\/reklaamitootja.ee\/wp-content\/uploads\/2016\/02\/heijastintarrat-150x150.jpg\" alt=\"\" title=\"heijastintarrat\" \/><\/a>\n\t  \t<a href=\"https:\/\/reklaamitootja.ee\/fi\/product\/heijastintarrat\/\">Heijastintarrat<\/a>\n      <\/div>\n      <\/div>  <div style=\"clear: both;\"><\/div>\n  \n<\/div>\n\n  \n<p>&nbsp;<\/p>\n","protected":false},"excerpt":{"rendered":"<p>&nbsp;<\/p>\n","protected":false},"author":3,"featured_media":0,"parent":8275,"menu_order":253,"comment_status":"closed","ping_status":"closed","template":"toode.php","meta":{"_monsterinsights_skip_tracking":false,"_monsterinsights_sitenote_active":false,"_monsterinsights_sitenote_note":"","_monsterinsights_sitenote_category":0,"footnotes":""},"yst_prominent_words":[],"class_list":["post-9574","page","type-page","status-publish","hentry"],"_links":{"self":[{"href":"https:\/\/reklaamitootja.ee\/fi\/wp-json\/wp\/v2\/pages\/9574","targetHints":{"allow":["GET"]}}],"collection":[{"href":"https:\/\/reklaamitootja.ee\/fi\/wp-json\/wp\/v2\/pages"}],"about":[{"href":"https:\/\/reklaamitootja.ee\/fi\/wp-json\/wp\/v2\/types\/page"}],"author":[{"embeddable":true,"href":"https:\/\/reklaamitootja.ee\/fi\/wp-json\/wp\/v2\/users\/3"}],"replies":[{"embeddable":true,"href":"https:\/\/reklaamitootja.ee\/fi\/wp-json\/wp\/v2\/comments?post=9574"}],"version-history":[{"count":0,"href":"https:\/\/reklaamitootja.ee\/fi\/wp-json\/wp\/v2\/pages\/9574\/revisions"}],"up":[{"embeddable":true,"href":"https:\/\/reklaamitootja.ee\/fi\/wp-json\/wp\/v2\/pages\/8275"}],"wp:attachment":[{"href":"https:\/\/reklaamitootja.ee\/fi\/wp-json\/wp\/v2\/media?parent=9574"}],"wp:term":[{"taxonomy":"yst_prominent_words","embeddable":true,"href":"https:\/\/reklaamitootja.ee\/fi\/wp-json\/wp\/v2\/yst_prominent_words?post=9574"}],"curies":[{"name":"wp","href":"https:\/\/api.w.org\/{rel}","templated":true}]}}