{"id":9565,"date":"2016-06-18T21:31:21","date_gmt":"2016-06-18T19:31:21","guid":{"rendered":"http:\/\/project.dreamo.ee\/promostar\/fi\/?page_id=9565"},"modified":"2016-06-18T21:37:40","modified_gmt":"2016-06-18T19:37:40","slug":"painaminen","status":"publish","type":"page","link":"https:\/\/reklaamitootja.ee\/fi\/painaminen\/","title":{"rendered":"Painaminen"},"content":{"rendered":"  <div class=\"product shortcode_element\">\n  <h1 class=\"product-title\">Mainoskassi<\/h1>\n\n          <div class=\"product-images\">\n      <a class=\"large-thumb\" rel=\"gallery-9509\" href=\"https:\/\/reklaamitootja.ee\/wp-content\/uploads\/2016\/02\/paperikassit.jpg\"><img decoding=\"async\" src=\"https:\/\/reklaamitootja.ee\/wp-content\/uploads\/2016\/02\/paperikassit.jpg\" alt=\"\" title=\"paperikassit\" \/><\/a>\n      <div class=\"small-picts\">\n      \t  \t  \t    <a class=\"small-thumb\" rel=\"gallery-9509\" href=\"https:\/\/reklaamitootja.ee\/wp-content\/uploads\/2016\/02\/39_paberipussit_alma.jpg\"><img decoding=\"async\" src=\"https:\/\/reklaamitootja.ee\/wp-content\/uploads\/2016\/02\/39_paberipussit_alma-150x150.jpg\" alt=\"\" title=\"39_paberipussit_alma\" \/><\/a>\n\n\t  \t  \t  \t    <a class=\"small-thumb\" rel=\"gallery-9509\" href=\"https:\/\/reklaamitootja.ee\/wp-content\/uploads\/2016\/02\/39_promostar_kangaskassi.jpg\"><img decoding=\"async\" src=\"https:\/\/reklaamitootja.ee\/wp-content\/uploads\/2016\/02\/39_promostar_kangaskassi-150x150.jpg\" alt=\"\" title=\"39_promostar_kangaskassi\" \/><\/a>\n\n\t  \t  \t  \t    <a class=\"small-thumb\" rel=\"gallery-9509\" href=\"https:\/\/reklaamitootja.ee\/wp-content\/uploads\/2016\/02\/paberkotid_valio.jpg\"><img decoding=\"async\" src=\"https:\/\/reklaamitootja.ee\/wp-content\/uploads\/2016\/02\/paberkotid_valio-150x150.jpg\" alt=\"\" title=\"paberkotid_valio\" \/><\/a>\n\n\t  \t        <\/div>\n    <\/div>\n    \n  <div class=\"product-content\"><p>Mainoskassit omalla kuvalla. Meid\u00e4n laajasta valikoimasta l\u00f6yd\u00e4t kangas-, paperi- ja muovikassit. Mainoskassi on edullinen ja n\u00e4ytt\u00e4v\u00e4 mainosv\u00e4line.<\/p>\n<p>Tarjousta varten tarvitaan seuraavat tiedot: m\u00e4\u00e4r\u00e4, koko sek\u00e4 k\u00e4ytt\u00f6tarkoitus.<\/p>\n<p>&nbsp;<\/p>\n<p><img loading=\"lazy\" decoding=\"async\" class=\"alignnone size-medium wp-image-14168\" src=\"http:\/\/reklaamitootja.ee\/wp-content\/uploads\/2016\/02\/39_kuumapaintuksella-300x235.jpg\" alt=\"\" width=\"300\" height=\"235\" srcset=\"https:\/\/reklaamitootja.ee\/wp-content\/uploads\/2016\/02\/39_kuumapaintuksella-300x235.jpg 300w, https:\/\/reklaamitootja.ee\/wp-content\/uploads\/2016\/02\/39_kuumapaintuksella.jpg 640w\" sizes=\"auto, (max-width: 300px) 100vw, 300px\" \/><\/p>\n<\/div>\n  \n        <br>\n\t  <div class=\"product_detailed_info\">\n      <h2>Detailne info<\/h2>\n      <div>Hy\u00f6dyt: monta eri materiaalia ja mahdollisuuta painoksi<\/div><\/div>  \n  \n    <div class=\"alternate_products\">\n    <h2>Alternatiivne toode<\/h2>\n          <div class=\"alternate-product\">\n\t\t  <a href=\"https:\/\/reklaamitootja.ee\/fi\/product\/brodeeraus\/\"><img decoding=\"async\" src=\"https:\/\/reklaamitootja.ee\/wp-content\/uploads\/2016\/02\/48_brodeeraus_pipolla-150x150.jpg\" alt=\"\" title=\"48_brodeeraus_pipolla\" \/><\/a>\n\t  \t<a href=\"https:\/\/reklaamitootja.ee\/fi\/product\/brodeeraus\/\">Brodeeraus<\/a>\n      <\/div>\n            <div class=\"alternate-product\">\n\t\t  <a href=\"https:\/\/reklaamitootja.ee\/fi\/product\/mainos-ja-logomatot\/\"><img decoding=\"async\" src=\"https:\/\/reklaamitootja.ee\/wp-content\/uploads\/2016\/02\/logomatto-150x150.jpg\" alt=\"\" title=\"logomatto\" \/><\/a>\n\t  \t<a href=\"https:\/\/reklaamitootja.ee\/fi\/product\/mainos-ja-logomatot\/\">Mainos- ja logomatot<\/a>\n      <\/div>\n            <div class=\"alternate-product\">\n\t\t  <a href=\"https:\/\/reklaamitootja.ee\/fi\/product\/mainosliput\/\"><img decoding=\"async\" src=\"https:\/\/reklaamitootja.ee\/wp-content\/uploads\/2016\/02\/Rantalippu-150x150.jpg\" alt=\"\" title=\"Rantalippu\" \/><\/a>\n\t  \t<a href=\"https:\/\/reklaamitootja.ee\/fi\/product\/mainosliput\/\">Mainosliput<\/a>\n      <\/div>\n            <div class=\"alternate-product\">\n\t\t  <a href=\"https:\/\/reklaamitootja.ee\/fi\/product\/paitapainatus\/\"><img decoding=\"async\" src=\"https:\/\/reklaamitootja.ee\/wp-content\/uploads\/2016\/02\/paitapainatus-150x150.jpg\" alt=\"\" title=\"paitapainatus\" \/><\/a>\n\t  \t<a href=\"https:\/\/reklaamitootja.ee\/fi\/product\/paitapainatus\/\">Paitapainatus<\/a>\n      <\/div>\n            <div class=\"alternate-product\">\n\t\t  <a href=\"https:\/\/reklaamitootja.ee\/fi\/product\/putkihuivi\/\"><img decoding=\"async\" src=\"https:\/\/reklaamitootja.ee\/wp-content\/uploads\/2016\/02\/buff1-150x150.jpg\" alt=\"Putkihuivit\" title=\"Putkihuivi\" \/><\/a>\n\t  \t<a href=\"https:\/\/reklaamitootja.ee\/fi\/product\/putkihuivi\/\">Putkihuivi<\/a>\n      <\/div>\n      <\/div>  <div style=\"clear: both;\"><\/div>\n  <button type=\"button\" class=\"btn btn-primary ask_for_offer\" data-toggle=\"modal\" data-target=\".bs-example-modal-sm\">K\u00fcsi pakkumist<\/button>\n<\/div>\n\n    <div class=\"product shortcode_element\">\n  <h1 class=\"product-title\">Kirjekuoret<\/h1>\n\n          <div class=\"product-images\">\n      <a class=\"large-thumb\" rel=\"gallery-9510\" href=\"https:\/\/reklaamitootja.ee\/wp-content\/uploads\/2016\/02\/kirjekuoret.jpg\"><img decoding=\"async\" src=\"https:\/\/reklaamitootja.ee\/wp-content\/uploads\/2016\/02\/kirjekuoret.jpg\" alt=\"\" title=\"kirjekuoret\" \/><\/a>\n      <div class=\"small-picts\">\n      \t  \t  \t    <a class=\"small-thumb\" rel=\"gallery-9510\" href=\"https:\/\/reklaamitootja.ee\/wp-content\/uploads\/2016\/02\/40_kirjekuori_promostar.jpg\"><img decoding=\"async\" src=\"https:\/\/reklaamitootja.ee\/wp-content\/uploads\/2016\/02\/40_kirjekuori_promostar-150x150.jpg\" alt=\"\" title=\"40_kirjekuori_promostar\" \/><\/a>\n\n\t  \t  \t  \t    <a class=\"small-thumb\" rel=\"gallery-9510\" href=\"https:\/\/reklaamitootja.ee\/wp-content\/uploads\/2016\/02\/40_kirjekuori_reklaamitootja.jpg\"><img decoding=\"async\" src=\"https:\/\/reklaamitootja.ee\/wp-content\/uploads\/2016\/02\/40_kirjekuori_reklaamitootja-150x150.jpg\" alt=\"\" title=\"40_kirjekuori_reklaamitootja\" \/><\/a>\n\n\t  \t        <\/div>\n    <\/div>\n    \n  <div class=\"product-content\"><p>Kirjekuoret edullissen hintaan!<\/p>\n<p>Painamme eri kokoisia kirjekuoria moniv\u00e4ripainatuksella, max 4 v\u00e4ri\u00e4. Tarjoamme my\u00f6s edullisia kirjekuoria.<\/p>\n<p>Kirjekuori ikkunalla on E65; E5 ja E4<\/p>\n<p>Mitat:\u00a0 E65: 110&#215;220 mm (ikkunan mitat 30&#215;90 mm)<\/p>\n<p>E5: 156&#215;220 mm (ikkunan mitat 30&#215;90 mm)<\/p>\n<p>E4: 220&#215;312 mm (ikkunan mitat 95&#215;35 mm)<\/p>\n<p>Kirjekuori ilm\u00e4n ikkuna on C65; C5 ja C4<\/p>\n<p>Mitat:\u00a0 C65: 114&#215;229 mm<\/p>\n<p>C5: 162&#215;229 mm<\/p>\n<p>C4: 229&#215;324 mm<\/p>\n<p>Tarjousta varten tarvitaan seuraavat tiedot: formaatti, toivottu koko, ilman ikkuna tai ikkunakuori ja painosm\u00e4\u00e4r\u00e4.<\/p>\n<p><img loading=\"lazy\" decoding=\"async\" class=\"alignnone size-medium wp-image-14152\" src=\"http:\/\/reklaamitootja.ee\/wp-content\/uploads\/2016\/02\/40_kirjekuori_c5_kajon-300x204.jpg\" alt=\"\" width=\"300\" height=\"204\" srcset=\"https:\/\/reklaamitootja.ee\/wp-content\/uploads\/2016\/02\/40_kirjekuori_c5_kajon-300x204.jpg 300w, https:\/\/reklaamitootja.ee\/wp-content\/uploads\/2016\/02\/40_kirjekuori_c5_kajon.jpg 640w\" sizes=\"auto, (max-width: 300px) 100vw, 300px\" \/><\/p>\n<\/div>\n  \n        <br>\n\t  <div class=\"product_detailed_info\">\n      <h2>Detailne info<\/h2>\n      <div>: <\/div><\/div>  \n  \n    <div class=\"alternate_products\">\n    <h2>Alternatiivne toode<\/h2>\n          <div class=\"alternate-product\">\n\t\t  <a href=\"https:\/\/reklaamitootja.ee\/fi\/product\/asiakirjakannet-pahvikartongista-ja-muovikalvosta\/\"><img decoding=\"async\" src=\"https:\/\/reklaamitootja.ee\/wp-content\/uploads\/2016\/02\/asiakirjakannet-150x150.jpg\" alt=\"\" title=\"asiakirjakannet\" \/><\/a>\n\t  \t<a href=\"https:\/\/reklaamitootja.ee\/fi\/product\/asiakirjakannet-pahvikartongista-ja-muovikalvosta\/\">Asiakirjakannet (pahvikartongista ja muovikalvosta)<\/a>\n      <\/div>\n            <div class=\"alternate-product\">\n\t\t  <a href=\"https:\/\/reklaamitootja.ee\/fi\/product\/hiirimatto\/\"><img decoding=\"async\" src=\"https:\/\/reklaamitootja.ee\/wp-content\/uploads\/2016\/02\/hiirematt-150x150.jpg\" alt=\"\" title=\"hiirematt\" \/><\/a>\n\t  \t<a href=\"https:\/\/reklaamitootja.ee\/fi\/product\/hiirimatto\/\">Hiirimatto<\/a>\n      <\/div>\n            <div class=\"alternate-product\">\n\t\t  <a href=\"https:\/\/reklaamitootja.ee\/fi\/product\/mainosnauha\/\"><img decoding=\"async\" src=\"https:\/\/reklaamitootja.ee\/wp-content\/uploads\/2016\/02\/Mainosnauha5-150x150.jpg\" alt=\"Piirdelint tr\u00fckiga\" title=\"Piirdelint\" \/><\/a>\n\t  \t<a href=\"https:\/\/reklaamitootja.ee\/fi\/product\/mainosnauha\/\">Mainosnauha<\/a>\n      <\/div>\n            <div class=\"alternate-product\">\n\t\t  <a href=\"https:\/\/reklaamitootja.ee\/fi\/product\/mainostarrat\/\"><img decoding=\"async\" src=\"https:\/\/reklaamitootja.ee\/wp-content\/uploads\/2016\/02\/mainostarrat-150x150.jpg\" alt=\"\" title=\"mainostarrat\" \/><\/a>\n\t  \t<a href=\"https:\/\/reklaamitootja.ee\/fi\/product\/mainostarrat\/\">Mainostarrat<\/a>\n      <\/div>\n            <div class=\"alternate-product\">\n\t\t  <a href=\"https:\/\/reklaamitootja.ee\/fi\/product\/narikkalaput\/\"><img decoding=\"async\" src=\"https:\/\/reklaamitootja.ee\/wp-content\/uploads\/2016\/02\/narikkalaput-150x150.jpg\" alt=\"\" title=\"narikkalaput\" \/><\/a>\n\t  \t<a href=\"https:\/\/reklaamitootja.ee\/fi\/product\/narikkalaput\/\">Narikkalaput<\/a>\n      <\/div>\n      <\/div>  <div style=\"clear: both;\"><\/div>\n  <button type=\"button\" class=\"btn btn-primary ask_for_offer\" data-toggle=\"modal\" data-target=\".bs-example-modal-sm\">K\u00fcsi pakkumist<\/button>\n<\/div>\n\n    <div class=\"product shortcode_element\">\n  <h1 class=\"product-title\">Asiakirjakannet (pahvikartongista ja muovikalvosta)<\/h1>\n\n          <div class=\"product-images\">\n      <a class=\"large-thumb\" rel=\"gallery-9511\" href=\"https:\/\/reklaamitootja.ee\/wp-content\/uploads\/2016\/02\/asiakirjakannet.jpg\"><img decoding=\"async\" src=\"https:\/\/reklaamitootja.ee\/wp-content\/uploads\/2016\/02\/asiakirjakannet.jpg\" alt=\"\" title=\"asiakirjakannet\" \/><\/a>\n      <div class=\"small-picts\">\n      \t        <\/div>\n    <\/div>\n    \n  <div class=\"product-content\"><p><strong>Laadukas muovikansio antaa hyv\u00e4n ilmeen yrityksest\u00e4si!<\/strong><\/p>\n<p>Voimme tarjota Teille muovikansien painatusta edulliseen hintaan. Valmistamme my\u00f6s erikokoisia asiakirjakansia pahvikartongista.<\/p>\n<p>Painamme silkkipainolla ja voimme tehd\u00e4 nii kirkasta kun matta lopputulosta.<\/p>\n<p>Tarjousta varten tarvitaan seuraavat tiedot:\u00a0lukum\u00e4\u00e4r\u00e4, mitat, ulkomuoto, kansityyppi.<\/p>\n<p><img loading=\"lazy\" decoding=\"async\" class=\"alignnone size-medium wp-image-14134\" src=\"http:\/\/reklaamitootja.ee\/wp-content\/uploads\/2016\/02\/136386501555-247x300.jpg\" alt=\"\" width=\"247\" height=\"300\" srcset=\"https:\/\/reklaamitootja.ee\/wp-content\/uploads\/2016\/02\/136386501555-247x300.jpg 247w, https:\/\/reklaamitootja.ee\/wp-content\/uploads\/2016\/02\/136386501555.jpg 527w\" sizes=\"auto, (max-width: 247px) 100vw, 247px\" \/><\/p>\n<\/div>\n  \n        <br>\n\t  <div class=\"product_detailed_info\">\n      <h2>Detailne info<\/h2>\n      <div>Hy\u00f6dyt: my\u00f6s erikokoiset<\/div><\/div>  \n  \n    <div class=\"alternate_products\">\n    <h2>Alternatiivne toode<\/h2>\n          <div class=\"alternate-product\">\n\t\t  <a href=\"https:\/\/reklaamitootja.ee\/fi\/product\/etikettitarrat\/\"><img decoding=\"async\" src=\"https:\/\/reklaamitootja.ee\/wp-content\/uploads\/2016\/02\/etikettitarrat-150x150.jpg\" alt=\"\" title=\"etikettitarrat\" \/><\/a>\n\t  \t<a href=\"https:\/\/reklaamitootja.ee\/fi\/product\/etikettitarrat\/\">Etikettitarrat<\/a>\n      <\/div>\n            <div class=\"alternate-product\">\n\t\t  <a href=\"https:\/\/reklaamitootja.ee\/fi\/product\/kirjekuoret\/\"><img decoding=\"async\" src=\"https:\/\/reklaamitootja.ee\/wp-content\/uploads\/2016\/02\/kirjekuoret-150x150.jpg\" alt=\"\" title=\"kirjekuoret\" \/><\/a>\n\t  \t<a href=\"https:\/\/reklaamitootja.ee\/fi\/product\/kirjekuoret\/\">Kirjekuoret<\/a>\n      <\/div>\n            <div class=\"alternate-product\">\n\t\t  <a href=\"https:\/\/reklaamitootja.ee\/fi\/product\/mainoskassit\/\"><img decoding=\"async\" src=\"https:\/\/reklaamitootja.ee\/wp-content\/uploads\/2016\/02\/paperikassit-150x150.jpg\" alt=\"\" title=\"paperikassit\" \/><\/a>\n\t  \t<a href=\"https:\/\/reklaamitootja.ee\/fi\/product\/mainoskassit\/\">Mainoskassi<\/a>\n      <\/div>\n            <div class=\"alternate-product\">\n\t\t  <a href=\"https:\/\/reklaamitootja.ee\/fi\/product\/mainosmateriaalit\/\"><img decoding=\"async\" src=\"https:\/\/reklaamitootja.ee\/wp-content\/uploads\/2016\/02\/49_popup_standi_neste_oil-150x150.jpg\" alt=\"\" title=\"49_popup_standi_neste_oil\" \/><\/a>\n\t  \t<a href=\"https:\/\/reklaamitootja.ee\/fi\/product\/mainosmateriaalit\/\">Mainosmateriaalit<\/a>\n      <\/div>\n            <div class=\"alternate-product\">\n\t\t  <a href=\"https:\/\/reklaamitootja.ee\/fi\/product\/paitapainatus\/\"><img decoding=\"async\" src=\"https:\/\/reklaamitootja.ee\/wp-content\/uploads\/2016\/02\/paitapainatus-150x150.jpg\" alt=\"\" title=\"paitapainatus\" \/><\/a>\n\t  \t<a href=\"https:\/\/reklaamitootja.ee\/fi\/product\/paitapainatus\/\">Paitapainatus<\/a>\n      <\/div>\n      <\/div>  <div style=\"clear: both;\"><\/div>\n  <button type=\"button\" class=\"btn btn-primary ask_for_offer\" data-toggle=\"modal\" data-target=\".bs-example-modal-sm\">K\u00fcsi pakkumist<\/button>\n<\/div>\n\n    <div class=\"product shortcode_element\">\n  <h1 class=\"product-title\">Abribus-julisteet<\/h1>\n\n          <div class=\"product-images\">\n      <a class=\"large-thumb\" rel=\"gallery-9512\" href=\"https:\/\/reklaamitootja.ee\/wp-content\/uploads\/2016\/02\/2438_MK_etapp_Otepaal_-_reklaam_bussipeatuses.jpg\"><img decoding=\"async\" src=\"https:\/\/reklaamitootja.ee\/wp-content\/uploads\/2016\/02\/2438_MK_etapp_Otepaal_-_reklaam_bussipeatuses.jpg\" alt=\"\" title=\"2438_MK_etapp_Otepaal_-_reklaam_bussipeatuses\" \/><\/a>\n      <div class=\"small-picts\">\n      \t        <\/div>\n    <\/div>\n    \n  <div class=\"product-content\"><p>Abribus-julisteet ovat parhaat saavuttaman asiakkaita! Ulkomainonta on tehokas mainosv\u00e4line. Mainostamisen kannalta edullisinta on julisteet ja bussipys\u00e4kit on todettu parhaiksi mainospaikoiksi &#8211; niihin tarvittavat julisteet saat meid\u00e4n kauttamme kilpailukykyiseen hintaan. Sinun yrityksen tuotteen tieto saavuttaa ihmisij\u00e4 useita kertoja p\u00e4iv\u00e4ss\u00e4 ja kiinnit\u00e4t aktiiviisen kuluttajan huomion.<\/p>\n<p>T\u00e4m\u00e4n mainosv\u00e4lineen sopiva koko on ca 2 m2.<\/p>\n<p>Kysy tarjousta nyt!<\/p>\n<\/div>\n  \n        <br>\n\t  <div class=\"product_detailed_info\">\n      <h2>Detailne info<\/h2>\n      <div>Julistekoko: 1182x1735 mm<\/div><div>Suunnittelukoko: 2364x3470 mm<\/div><div>Hy\u00f6dyt: edullinen ja tehokas<\/div><\/div>  \n  \n    <div class=\"alternate_products\">\n    <h2>Alternatiivne toode<\/h2>\n          <div class=\"alternate-product\">\n\t\t  <a href=\"https:\/\/reklaamitootja.ee\/fi\/product\/autotarrat\/\"><img decoding=\"async\" src=\"https:\/\/reklaamitootja.ee\/wp-content\/uploads\/2016\/02\/21_autokleebised_4344x2661-1-150x150.jpg\" alt=\"\" title=\"21_autokleebised_4344x2661\" \/><\/a>\n\t  \t<a href=\"https:\/\/reklaamitootja.ee\/fi\/product\/autotarrat\/\">Autotarrat<\/a>\n      <\/div>\n            <div class=\"alternate-product\">\n\t\t  <a href=\"https:\/\/reklaamitootja.ee\/fi\/product\/julkisivukyltit\/\"><img decoding=\"async\" src=\"https:\/\/reklaamitootja.ee\/wp-content\/uploads\/2016\/02\/julkisivukyltit-150x150.jpg\" alt=\"\" title=\"julkisivukyltit\" \/><\/a>\n\t  \t<a href=\"https:\/\/reklaamitootja.ee\/fi\/product\/julkisivukyltit\/\">Julkisivukyltit<\/a>\n      <\/div>\n            <div class=\"alternate-product\">\n\t\t  <a href=\"https:\/\/reklaamitootja.ee\/fi\/product\/lattiatarrat\/\"><img decoding=\"async\" src=\"https:\/\/reklaamitootja.ee\/wp-content\/uploads\/2016\/02\/lattiatarrat-150x150.jpg\" alt=\"\" title=\"lattiatarrat\" \/><\/a>\n\t  \t<a href=\"https:\/\/reklaamitootja.ee\/fi\/product\/lattiatarrat\/\">Lattiatarrat<\/a>\n      <\/div>\n            <div class=\"alternate-product\">\n\t\t  <a href=\"https:\/\/reklaamitootja.ee\/fi\/product\/mainos-ja-logomatot\/\"><img decoding=\"async\" src=\"https:\/\/reklaamitootja.ee\/wp-content\/uploads\/2016\/02\/logomatto-150x150.jpg\" alt=\"\" title=\"logomatto\" \/><\/a>\n\t  \t<a href=\"https:\/\/reklaamitootja.ee\/fi\/product\/mainos-ja-logomatot\/\">Mainos- ja logomatot<\/a>\n      <\/div>\n            <div class=\"alternate-product\">\n\t\t  <a href=\"https:\/\/reklaamitootja.ee\/fi\/product\/mainosbanneri\/\"><img decoding=\"async\" src=\"\" alt=\"\" title=\"products\" \/><\/a>\n\t  \t<a href=\"https:\/\/reklaamitootja.ee\/fi\/product\/mainosbanneri\/\">Mainosbanneri<\/a>\n      <\/div>\n      <\/div>  <div style=\"clear: both;\"><\/div>\n  <button type=\"button\" class=\"btn btn-primary ask_for_offer\" data-toggle=\"modal\" data-target=\".bs-example-modal-sm\">K\u00fcsi pakkumist<\/button>\n<\/div>\n\n    <div class=\"product shortcode_element\">\n  <h1 class=\"product-title\">Taitetut esitteet ja flyerit<\/h1>\n\n          <div class=\"product-images\">\n      <a class=\"large-thumb\" rel=\"gallery-9508\" href=\"https:\/\/reklaamitootja.ee\/wp-content\/uploads\/2016\/02\/flaierit.jpg\"><img decoding=\"async\" src=\"https:\/\/reklaamitootja.ee\/wp-content\/uploads\/2016\/02\/flaierit.jpg\" alt=\"\" title=\"flaierit\" \/><\/a>\n      <div class=\"small-picts\">\n      \t        <\/div>\n    <\/div>\n    \n  <div class=\"product-content\"><p>Teid\u00e4n\u00a0tarpeen mukaan painettut taitettut esitteet ja flyerit edulliseen hintaan.<\/p>\n<p>Ilmoittakaa meille,\u00a0mink\u00e4laista painotuotetta tarvitaan ja me teemme sen perusteella tarjouksen.<\/p>\n<p>Tarvittaessa l\u00e4het\u00e4mme postitse materiaalin\u00e4ytteet.<\/p>\n<p>Tarjousta varten tarvitaan seuraavat tiedot: mitat, paperin grammapaino, muoto ja tarkennetut vaatimukset.<\/p>\n<p>&nbsp;<\/p>\n<\/div>\n  \n        <br>\n\t  <div class=\"product_detailed_info\">\n      <h2>Detailne info<\/h2>\n      <div>: <\/div><\/div>  \n    <div style=\"clear: both;\"><\/div>\n  <button type=\"button\" class=\"btn btn-primary ask_for_offer\" data-toggle=\"modal\" data-target=\".bs-example-modal-sm\">K\u00fcsi pakkumist<\/button>\n<\/div>\n\n  \n    \n  <div class=\"gallery-images\">\n    \t\t<a class=\"small-thumb\"\n\thref=\"https:\/\/reklaamitootja.ee\/59-kayntikortit123-tuulilasi-fi-jpg\/\"\n\ttitle=\"k\u00e4yntikortit123 tuulilasi.fi. Yrityksen logolla kartongille painetut k\u00e4yntikortit\">\n\t<img decoding=\"async\" src=\"https:\/\/reklaamitootja.ee\/wp-content\/uploads\/2016\/02\/59_kayntikortit123_tuulilasi.fi-150x150.jpg\" alt=\"k\u00e4yntikortit, k\u00e4yntikortti, mainoskortti\" title=\"k\u00e4yntikortit123 tuulilasi.fi\" \/><\/a>\n\t\n\t\t\t<a class=\"small-thumb\"\n\thref=\"https:\/\/reklaamitootja.ee\/59-kayntikortit-kinnisvara-jpg\/\"\n\ttitle=\"K\u00e4yntikortit Kinnisvara. Yrityksen logolla kartongille painetut k\u00e4yntikortit\">\n\t<img decoding=\"async\" src=\"https:\/\/reklaamitootja.ee\/wp-content\/uploads\/2016\/02\/59_kayntikortit_kinnisvara-150x150.jpg\" alt=\"k\u00e4yntikortit, k\u00e4yntikortti, mainoskortti\" title=\"K\u00e4yntikortit Kinnisvara\" \/><\/a>\n\t\n\t\t\t<a class=\"small-thumb\"\n\thref=\"https:\/\/reklaamitootja.ee\/59-kayntikortit-123tuulilasi-jpg\/\"\n\ttitle=\"k\u00e4yntikortit123 tuulilasi.fi. Kartongille painettu k\u00e4yntikortti\">\n\t<img decoding=\"async\" src=\"https:\/\/reklaamitootja.ee\/wp-content\/uploads\/2016\/02\/59_kayntikortit_123tuulilasi-150x150.jpg\" alt=\"k\u00e4yntikortit, k\u00e4yntikortti, mainoskortti\" title=\"k\u00e4yntikortit123 tuulilasi.fi\" \/><\/a>\n\t\n\t\t\t<a class=\"small-thumb\"\n\thref=\"https:\/\/reklaamitootja.ee\/59-sony-poytateline-jpg\/\"\n\ttitle=\"Sony p\u00f6yt\u00e4st\u00e4ndi. Akryyli T-teline Sony flyerilla\">\n\t<img decoding=\"async\" src=\"https:\/\/reklaamitootja.ee\/wp-content\/uploads\/2016\/02\/59_sony_poytateline-150x150.jpg\" alt=\"Akryyli teline, p\u00f6yt\u00e4st\u00e4ndi, esite, esitteet\" title=\"Sony p\u00f6yt\u00e4st\u00e4ndi\" \/><\/a>\n\t\n\t\t\t<a class=\"small-thumb\"\n\thref=\"https:\/\/reklaamitootja.ee\/59-sony-poytateline2-jpg\/\"\n\ttitle=\"Akryyli T-teline. Akryyli T-teline Sony flyerilla\">\n\t<img decoding=\"async\" src=\"https:\/\/reklaamitootja.ee\/wp-content\/uploads\/2016\/02\/59_sony_poytateline2-150x150.jpg\" alt=\"Akryyli teline, p\u00f6yt\u00e4st\u00e4ndi, esite, esitteet\" title=\"Akryyli T-teline\" \/><\/a>\n\t\n\t\t\t<a class=\"small-thumb\"\n\thref=\"https:\/\/reklaamitootja.ee\/59-sony-kuvasto-jpg\/\"\n\ttitle=\"Sony kuvasto. SONY TV-sarjan kuvasto\">\n\t<img decoding=\"async\" src=\"https:\/\/reklaamitootja.ee\/wp-content\/uploads\/2016\/02\/59_sony_kuvasto-150x150.jpg\" alt=\"kuvasto, tilaa kuvasto, kuvastot\" title=\"Sony kuvasto\" \/><\/a>\n\t\n\t\t\t<a class=\"small-thumb\"\n\thref=\"https:\/\/reklaamitootja.ee\/59-esitteet-jpg\/\"\n\ttitle=\"Esitteet A4 Vihannesp\u00f6rssi & Megamuksu. Vihannesp\u00f6rssi & Megamuksu esitteet A4; 4\/4 painatuksella\">\n\t<img decoding=\"async\" src=\"https:\/\/reklaamitootja.ee\/wp-content\/uploads\/2016\/02\/59_esitteet-150x150.jpg\" alt=\"esitteet, esitteit\u00e4, tilaa esite, esite\" title=\"Esitteet A4 Vihannesp\u00f6rssi & Megamuksu\" \/><\/a>\n\t\n\t\t\t<a class=\"small-thumb\"\n\thref=\"https:\/\/reklaamitootja.ee\/59-parkkikello-autex2-jpg\/\"\n\ttitle=\"Pysakointikello Autex. Omalla painatuksella muovinen parkkikello\">\n\t<img decoding=\"async\" src=\"https:\/\/reklaamitootja.ee\/wp-content\/uploads\/2016\/02\/59_parkkikello_autex2-150x150.jpg\" alt=\"parkkikello, parkkikellot, pysakointikello, pysakointikellot\" title=\"Pysakointikello Autex\" \/><\/a>\n\t\n\t\t\t<a class=\"small-thumb\"\n\thref=\"https:\/\/reklaamitootja.ee\/59-parkkikello-autex-jpg\/\"\n\ttitle=\"Parkkikello Autex. Omalla painatuksella muovinen pysakointikello\">\n\t<img decoding=\"async\" src=\"https:\/\/reklaamitootja.ee\/wp-content\/uploads\/2016\/02\/59_parkkikello_autex-150x150.jpg\" alt=\"parkkikello, parkkikellot, pysakointikello, pysakointikellot\" title=\"Parkkikello Autex\" \/><\/a>\n\t\n\t\t\t<a class=\"small-thumb\"\n\thref=\"https:\/\/reklaamitootja.ee\/59-kayntikortti-kajon-jpg\/\"\n\ttitle=\"K\u00e4yntikortti KAJON. Kartongille painettu k\u00e4yntikortti\">\n\t<img decoding=\"async\" src=\"https:\/\/reklaamitootja.ee\/wp-content\/uploads\/2016\/02\/59_kayntikortti_kajon-150x150.jpg\" alt=\"k\u00e4yntikortit, k\u00e4yntikortti, mainoskortti\" title=\"K\u00e4yntikortti KAJON\" \/><\/a>\n\t\n\t\t\t<a class=\"small-thumb\"\n\thref=\"https:\/\/reklaamitootja.ee\/59-kayntikortit-jpg\/\"\n\ttitle=\"K\u00e4yntikortit KAJON. Yrityksen logolla kartongille painetut k\u00e4yntikortit\">\n\t<img decoding=\"async\" src=\"https:\/\/reklaamitootja.ee\/wp-content\/uploads\/2016\/02\/59_kayntikortit-150x150.jpg\" alt=\"k\u00e4yntikortit, k\u00e4yntikortti, mainoskortti\" title=\"K\u00e4yntikortit KAJON\" \/><\/a>\n\t\n\t\t\t<a class=\"small-thumb\"\n\thref=\"https:\/\/reklaamitootja.ee\/59-kayntikortit-kajon-jpg\/\"\n\ttitle=\"K\u00e4yntikortit KAJON. Kartongille painettu k\u00e4yntikortti\">\n\t<img decoding=\"async\" src=\"https:\/\/reklaamitootja.ee\/wp-content\/uploads\/2016\/02\/59_kayntikortit_kajon-150x150.jpg\" alt=\"k\u00e4yntikortit, k\u00e4yntikortti, mainoskortti\" title=\"K\u00e4yntikortit KAJON\" \/><\/a>\n\t\n\t\t\t<a class=\"small-thumb\"\n\thref=\"https:\/\/reklaamitootja.ee\/136698748842-jpg\/\"\n\ttitle=\"FESH messuesite. 4\/4 cmyk painatuksella esite\">\n\t<img decoding=\"async\" src=\"https:\/\/reklaamitootja.ee\/wp-content\/uploads\/2016\/02\/136698748842-150x150.jpg\" alt=\"esitteet, esitteit\u00e4, tilaa esite, esite\" title=\"FESH messuesite\" \/><\/a>\n\t\n\t\t\t<a class=\"small-thumb\"\n\thref=\"https:\/\/reklaamitootja.ee\/136698748140-jpg\/\"\n\ttitle=\"FESH esite. messuesite 200 gr. silk paperille\">\n\t<img decoding=\"async\" src=\"https:\/\/reklaamitootja.ee\/wp-content\/uploads\/2016\/02\/136698748140-150x150.jpg\" alt=\"esitteet, esitteit\u00e4, tilaa esite, esite\" title=\"FESH esite\" \/><\/a>\n\t\n\t\t\t<a class=\"small-thumb\"\n\thref=\"https:\/\/reklaamitootja.ee\/1355210696115-jpg\/\"\n\ttitle=\"KAJON ajop\u00e4iv\u00e4kirja. 2-osainen itsej\u00e4ljent\u00e4v\u00e4 ajop\u00e4iv\u00e4kirja, A5 vaaka omalla painatuksella.\">\n\t<img decoding=\"async\" src=\"https:\/\/reklaamitootja.ee\/wp-content\/uploads\/2016\/02\/1355210696115-150x150.jpg\" alt=\"itsej\u00e4ljent\u00e4v\u00e4 paperi, ajop\u00e4iv\u00e4kirja, ajop\u00e4iv\u00e4kirja lomake\" title=\"KAJON ajop\u00e4iv\u00e4kirja\" \/><\/a>\n\t\n\t\t\t<a class=\"small-thumb\"\n\thref=\"https:\/\/reklaamitootja.ee\/135521069577-jpg\/\"\n\ttitle=\"Ajop\u00e4iv\u00e4kirja A5, itsej\u00e4ljent\u00e4v\u00e4. 2-osainen itsej\u00e4ljent\u00e4v\u00e4 ajop\u00e4iv\u00e4kirja, A5 vaaka omalla painatuksella.\">\n\t<img decoding=\"async\" src=\"https:\/\/reklaamitootja.ee\/wp-content\/uploads\/2016\/02\/135521069577-150x150.jpg\" alt=\"itsej\u00e4ljent\u00e4v\u00e4 paperi, ajop\u00e4iv\u00e4kirja, ajop\u00e4iv\u00e4kirja lomake\" title=\"Ajop\u00e4iv\u00e4kirja A5, itsej\u00e4ljent\u00e4v\u00e4\" \/><\/a>\n\t\n\t  <\/div>\n\n  <div style=\"clear: both;\"><\/div>\n  \n  \n\n","protected":false},"excerpt":{"rendered":"","protected":false},"author":3,"featured_media":0,"parent":9579,"menu_order":210,"comment_status":"closed","ping_status":"closed","template":"toode.php","meta":{"_monsterinsights_skip_tracking":false,"_monsterinsights_sitenote_active":false,"_monsterinsights_sitenote_note":"","_monsterinsights_sitenote_category":0,"footnotes":""},"yst_prominent_words":[],"class_list":["post-9565","page","type-page","status-publish","hentry"],"_links":{"self":[{"href":"https:\/\/reklaamitootja.ee\/fi\/wp-json\/wp\/v2\/pages\/9565","targetHints":{"allow":["GET"]}}],"collection":[{"href":"https:\/\/reklaamitootja.ee\/fi\/wp-json\/wp\/v2\/pages"}],"about":[{"href":"https:\/\/reklaamitootja.ee\/fi\/wp-json\/wp\/v2\/types\/page"}],"author":[{"embeddable":true,"href":"https:\/\/reklaamitootja.ee\/fi\/wp-json\/wp\/v2\/users\/3"}],"replies":[{"embeddable":true,"href":"https:\/\/reklaamitootja.ee\/fi\/wp-json\/wp\/v2\/comments?post=9565"}],"version-history":[{"count":0,"href":"https:\/\/reklaamitootja.ee\/fi\/wp-json\/wp\/v2\/pages\/9565\/revisions"}],"up":[{"embeddable":true,"href":"https:\/\/reklaamitootja.ee\/fi\/wp-json\/wp\/v2\/pages\/9579"}],"wp:attachment":[{"href":"https:\/\/reklaamitootja.ee\/fi\/wp-json\/wp\/v2\/media?parent=9565"}],"wp:term":[{"taxonomy":"yst_prominent_words","embeddable":true,"href":"https:\/\/reklaamitootja.ee\/fi\/wp-json\/wp\/v2\/yst_prominent_words?post=9565"}],"curies":[{"name":"wp","href":"https:\/\/api.w.org\/{rel}","templated":true}]}}